{"id":3,"date":"2024-07-25T18:13:44","date_gmt":"2024-07-25T15:13:44","guid":{"rendered":"https:\/\/ladiesbeachsuitotel.com\/?page_id=3"},"modified":"2024-07-27T15:41:15","modified_gmt":"2024-07-27T12:41:15","slug":"rezervasyon-konaklama-mesafeli-satis-sozlesmesi","status":"publish","type":"page","link":"https:\/\/ladiesbeachsuitotel.com\/de\/rezervasyon-konaklama-mesafeli-satis-sozlesmesi\/","title":{"rendered":"Fernabsatzvertrag"},"content":{"rendered":"<section class=\"wpb-content-wrapper\"><div class=\"vc_row wpb_row vc_row-fluid\"><div class=\"wpb_column vc_column_container vc_col-sm-12\"><div class=\"vc_column-inner\"><div class=\"wpb_wrapper\">\n\t<div class=\"wpb_text_column wpb_content_element\" >\n\t\t<div class=\"wpb_wrapper\">\n\t\t\t<p>&nbsp;<\/p>\n<div class=\"container\">\n<div class=\"entry\">\n<div class=\"row\">\n<div class=\"col-md-12\">\n<div class=\"section-title\">\n<h4 class=\"text-uppercase\">RESERVIERUNG UNTERKUNFT FERNVERKAUF<\/h4>\n<\/div>\n<div class=\"info-branding\">\n<p><strong>Ladies Beach Suite Hotel<\/strong><\/p>\n<p>Konak Aytar Bau. Vertragswesen. Tour. Teer. Auto. Import. Export. Industrie und Handel Inc.<\/p>\n<p><strong>Adresse:\u00a0<\/strong>Frauenmeerviertel, Frauenmeerstra\u00dfe, Nr.: 66\/24, Ku\u015fadas\u0131 \/ Ayd\u0131n<\/p>\n<p><strong>Telefon:\u00a0<\/strong>0256 6141000<\/p>\n<p><strong>E-Mail:<\/strong>\u00a0info@ladiesbeachsuitotel.com<\/p>\n<p><strong>ARTIKEL 1 \u2013 PARTEIEN:<\/strong><\/p>\n<p>Diese Vereinbarung (\u201eVereinbarung\u201c) wird zwischen Konak Aytar Construction. Contracting. Tour. Tar. Auto. Import. Import. Industry and Trade Inc. (nachfolgend \u201eLADIES BEACH SUIT OTEL\u201c oder \u201eHotel\u201c genannt) mit Sitz in Kad\u0131nlar Denizi Mah. Kad\u0131nlar Denizi Cad. Nr. 66\/24, Ku\u015fadas\u0131 \/ Ayd\u0131n, einerseits und dem Kunden (nachfolgend \u201eKunde\u201c genannt), der \u00fcber das System eine Reservierung vorgenommen hat, durch Eingabe und Best\u00e4tigung aller seiner pers\u00f6nlichen Daten im Voraus die folgenden Gesch\u00e4ftsbedingungen akzeptiert hat und dessen Computer-IP-Nummer und Name, Wohnort, Telefonnummer und E-Mail-Adresse im Reservierungsformular enthalten sind, andererseits unter den unten aufgef\u00fchrten Gesch\u00e4ftsbedingungen geschlossen.<\/p>\n<p><strong>ARTIKEL 2 - GEGENSTAND:<\/strong><\/p>\n<p>Dieser Vertrag beinhaltet die Reservierung des Kunden f\u00fcr den Erwerb von Produkten\/Dienstleistungen \u00fcber das Hotel zu den nachfolgend erl\u00e4uterten Bedingungen.<\/p>\n<p><strong>ARTIKEL 3 \u2013 VERTRAGSPREIS UND ZAHLUNG:<\/strong><\/p>\n<p>3.1. Die gesetzliche Mehrwertsteuer ist im Vertragspreis enthalten.<\/p>\n<p>3.2. Die Preise f\u00fcr Hotel\u00fcbernachtungen und andere Extras werden im System ermittelt und k\u00f6nnen in der bevorzugten W\u00e4hrung bezahlt werden; diese Preise verstehen sich inklusive Steuern.<\/p>\n<p>3.3. Der Vertragspreis beinhaltet alle in der Reservierung aufgef\u00fchrten Leistungen. Nicht aufgef\u00fchrte Leistungen sowie im Hotel erworbene Zusatzleistungen werden gesondert berechnet. Diese Extras sind beim Check-out zu bezahlen.<\/p>\n<p>3.4. Kunden, die ein rabattiertes oder aktionsbezogenes Produkt erwerben, sind verpflichtet, die volle Servicegeb\u00fchr zum Zeitpunkt der Buchung zu entrichten. Die Reservierung wird erst mit vollst\u00e4ndiger Bezahlung wirksam.<\/p>\n<p>3.5 Kunden, die aus dem Ausland \u00fcber www.ladiesbeachsuitotel.com buchen, bezahlen ihre Reservierungen in Fremdw\u00e4hrung. Die Rechnungen werden in T\u00fcrkischer Lira (TL) ausgestellt, basierend auf dem Wechselkurs der T\u00fcrkischen Zentralbank am Abreisetag nach dem Aufenthalt.<\/p>\n<p>3.6. Bei Reservierungen \u00fcber www.ladiesbeachsuitotel.com erfolgt die Best\u00e4tigung und Rechnungszustellung durch die Reservierungsabteilung des LADIES BEACH SUIT OTEL wie folgt:<\/p>\n<p>3.8. Im Falle einer Preiserh\u00f6hung des Vertragspreises wird die Differenz nicht vom Kunden eingefordert und die als Ma\u00dfnahme der Einrichtung in Anspruch genommenen Rabatte werden dem Kunden nicht erstattet.<\/p>\n<p>3.9. Im Falle einer R\u00fcckerstattung erfolgt die Zahlung innerhalb von 30 Tagen auf die bei der Reservierung verwendete Kreditkarte oder auf das Bankkonto des Kunden.<\/p>\n<p><strong>ARTIKEL 4 \u2013 UMSETZUNG:<\/strong><\/p>\n<p>4.1. Das Mitbringen von riechenden, auslaufenden, brennbaren oder explosiven Gegenst\u00e4nden sowie von Gegenst\u00e4nden, die Unbehagen in der Umgebung verursachen, sowie von Schneid-, Stich- und Schusswaffen ist ohne schriftliche Genehmigung des Hotelmanagers verboten.<\/p>\n<p>4.2. Regeln und Informationen, einschlie\u00dflich der Check-in- und Check-out-Zeiten des Hotels, werden auf den Zimmerdetailseiten der Website ver\u00f6ffentlicht.<\/p>\n<p>4 3. Der Kunde akzeptiert im Voraus, dass er f\u00fcr alle Sch\u00e4den, die w\u00e4hrend seines Aufenthalts an der Einrichtung des Hotels oder der Einrichtung in den Gemeinschaftsr\u00e4umen entstehen, und f\u00fcr die Reparatur solcher Sch\u00e4den verantwortlich ist.<\/p>\n<p>4.4. Dem Kunden ist bekannt, dass das Rauchen nur in Zimmern mit Balkon gestattet ist und dass in Zimmern ohne Balkon das Rauchen verboten ist und er akzeptiert bereits jetzt, dass er f\u00fcr alle andernfalls entstehenden Sch\u00e4den ersatzpflichtig ist.<\/p>\n<p><strong>ARTIKEL 5 \u2013 UNTERKUNFTSDAUER UND STORNIERUNGS-\/R\u00dcCKERSTATTUNGS-\/\u00c4NDERUNGSBEDINGUNGEN<\/strong><\/p>\n<p>5.1. Der Kunde bleibt innerhalb der gebuchten Zeitr\u00e4ume. Eine Verl\u00e4ngerung des Aufenthalts ist sp\u00e4testens einen Tag vor Abreise beim Hotel anzufragen. Sofern Zimmer verf\u00fcgbar sind, ist eine Verl\u00e4ngerung nach Zahlung der aktuellen Zimmerpreise m\u00f6glich. Andernfalls ist der Kunde verpflichtet, das Hotel bis 12:00 Uhr am gebuchten Tag zu verlassen.<\/p>\n<p>5.2 Das LADIES BEACH SUIT OTEL kann eine Reservierung vor oder w\u00e4hrend der Dienstleistung aus Gr\u00fcnden, die nicht vom Kunden zu vertreten sind, teilweise oder vollst\u00e4ndig \u00e4ndern oder stornieren. Der Kunde kann diese \u00c4nderungen akzeptieren oder eine vom LADIES BEACH SUIT OTEL angebotene alternative Dienstleistung in Anspruch nehmen. Akzeptiert der Kunde die \u00c4nderungen nicht, hat er das Recht, die Reservierung zu stornieren und eine vollst\u00e4ndige R\u00fcckerstattung der Vertragsgeb\u00fchr zu erhalten.<\/p>\n<p>5.3. Stornierungen, die bis zu zwei Tage vor Anreisedatum erfolgen, sind kostenfrei. F\u00fcr nicht rechtzeitig gemeldete Reservierungen wird der Zimmerpreis f\u00fcr eine Nacht berechnet. Der Kunde nimmt zur Kenntnis, dass die Geb\u00fchr f\u00fcr nicht erstattungsf\u00e4hige Reservierungen nicht erstattet wird und seine Stornierung in solchen F\u00e4llen nicht g\u00fcltig ist.<\/p>\n<p>5.4. Im Falle einer \u00c4nderung der Dienstleistung durch den Kunden und sofern diese \u00c4nderung vom Ladies Beach Suite Hotel genehmigt wird, muss der Kunde, falls zwischen der zuvor erhaltenen Dienstleistung und der neu angeforderten Dienstleistung ein Preisunterschied besteht, den Unterschied sofort nach der Annahme der \u00c4nderungsanfrage an das LADIES BEACH SUIT OTEL bezahlen.<\/p>\n<p>5.5. Wenn der Kunde oder ein nahes Familienmitglied w\u00e4hrend des Aufenthalts 10 Tage lang erkrankt und dadurch an der Aus\u00fcbung seiner gewohnten Aktivit\u00e4ten gehindert ist und dies durch einen offiziellen Bericht eines staatlichen Krankenhauses nachgewiesen wird, oder im Todesfall, wird der Stornierungsantrag des Kunden akzeptiert und der gezahlte Betrag zur\u00fcckerstattet, abz\u00fcglich aller obligatorischen Steuern, Abgaben und \u00e4hnlicher gesetzlicher Verpflichtungen sowie nicht erstattungsf\u00e4higer Betr\u00e4ge, die an Dritte gezahlt wurden und nachgewiesen werden k\u00f6nnen. In diesem Fall m\u00fcssen der Bericht und die Dokumente vor Beginn der Dienstleistung eingereicht werden. Wenn der Kunde die vers\u00e4umte Unterkunftsleistung nicht schriftlich mitteilt, beh\u00e4lt sich das LADIES BEACH SUIT OTEL das Recht vor, alle im Namen des Kunden vorgenommenen Reservierungen und Dienstleistungen innerhalb von 24 Stunden zu stornieren. F\u00fcr solche Stornierungen erfolgt keine R\u00fcckerstattung an den Kunden.<\/p>\n<p><strong>ARTIKEL 6 - H\u00d6HERE GEWALT:<\/strong><\/p>\n<p>6.1. Das Hotel kann nicht f\u00fcr M\u00e4ngel oder die Nichterbringung von Dienstleistungen aufgrund von Gr\u00fcnden wie Naturkatastrophen, gesellschaftlichen Ereignissen, internationalen Beziehungen, technischen St\u00f6rungen, Streiks und Protesten verantwortlich gemacht werden, die vor, w\u00e4hrend oder zwischen den in diesem Vertrag angegebenen Hotelreservierungsdaten auftreten k\u00f6nnen.<\/p>\n<p><strong>ARTIKEL 7 SONSTIGE BESTIMMUNGEN:<\/strong><\/p>\n<p>7.1 Dieser Vertrag bezieht sich ausschlie\u00dflich auf Hotelreservierungen. Die Unterkunft erf\u00fcllt ihre vertraglichen Verpflichtungen mit der Entgegennahme der Reservierungsanfrage des Kunden, der Unterzeichnung dieses Vertrags sowie der anschlie\u00dfenden Durchf\u00fchrung und Best\u00e4tigung der Reservierung. Bei etwaigen Problemen mit dem Hotel verpflichtet sich der Kunde, sich bei etwaigen \u00c4nderungen oder M\u00e4ngeln, die w\u00e4hrend des Aufenthalts auftreten, ausschlie\u00dflich an den Unterkunftsbetreiber zu wenden.<\/p>\n<p>7.2. Wenn der Kunde w\u00e4hrend seines Aufenthalts eine Beschwerde \u00fcber eine Situation einreicht, verpflichtet er sich, keine Entsch\u00e4digung oder R\u00fcckerstattung zu verlangen, wenn er den Service teilweise oder vollst\u00e4ndig nutzt.<\/p>\n<p>7.3 Der Kunde ist verpflichtet, etwaige Beanstandungen w\u00e4hrend der Serviceleistung dem autorisierten Servicemitarbeiter mitzuteilen. Nutzt der Kunde die Serviceleistung in vollem Umfang, ohne den Servicemitarbeiter \u00fcber etwaige Beanstandungen zu informieren, erlischt sein Anspruch auf Ersatzleistung oder R\u00fcckerstattung.<\/p>\n<p>7.4. Der Kunde best\u00e4tigt, diese Vereinbarung gelesen und akzeptiert zu haben, nachdem er alle Informationen \u00fcber das Hotel auf der Website (www.ladiesbeachsuitotel.com) und telefonisch eingeholt hat. Die bereitgestellten Informationen bilden die Grundlage f\u00fcr etwaige Reklamationen im Zusammenhang mit Servicem\u00e4ngeln oder mangelhaften Waren im Hotel.<\/p>\n<p>7.5. Auch wenn der Kunde aus irgendeinem Grund nicht in der Lage ist, diesen Hotelreservierungsvertrag zu unterzeichnen, wird davon ausgegangen, dass er die Bedingungen dieses Vertrags \u00fcber die Website, Ank\u00fcndigungen oder E-Mails, die an die von ihm angegebene E-Mail-Adresse gesendet werden, zur Kenntnis genommen und die Vertragsbedingungen akzeptiert hat.<\/p>\n<p>7.6. Bei Abweichungen zwischen der Vertragskopie des Kunden und der des Hotels sind die Aufzeichnungen der Hotelkopie ma\u00dfgeblich. S\u00e4mtliche E-Mails und Faxe zwischen den Parteien gelten als Beweismittel, wobei die Unternehmensunterlagen als Grundlage dienen. Die Parteien vereinbaren, dass die von ihnen angegebenen Adressen und Telefonnummern ihre offiziellen Adressen und Telefonnummern f\u00fcr jegliche Kommunikation und Benachrichtigungen sind. Sie erkennen an, dass alle an die angegebenen Adressen und Telefonnummern gesendeten Benachrichtigungen an sie gerichtet werden, sofern die andere Partei nicht schriftlich \u00fcber \u00c4nderungen dieser Adressen und Telefonnummern informiert wird.<\/p>\n<p>7.7. Auf Wunsch des Kunden kann dieser vor Beginn der Beherbergung eine Versicherung abschlie\u00dfen, die im Falle eines Unfalls oder einer Krankheit die Kosten f\u00fcr die R\u00fcckreise zum Ausgangsort sowie etwaige Sch\u00e4den oder Behandlungskosten aus einem Unfall abdeckt.<\/p>\n<p>7.8. Beim Betreten der Anlage werden Ausweis- und Alterskontrollen durchgef\u00fchrt. Eventuelle Abweichungen aufgrund falscher oder unvollst\u00e4ndiger Angaben werden vom Hotel beim Check-in in Rechnung gestellt. (Alle G\u00e4ste ab 11 Jahren gelten als Erwachsene.)<\/p>\n<p>7.9. Bei Preiserh\u00f6hungen f\u00fcr den Fr\u00fchbucherzeitraum und\/oder alle Zeitr\u00e4ume (ausgenommen systembedingte Fehler) wird die Differenz nicht vom Kunden eingefordert und es erfolgt keine R\u00fcckerstattung von Rabatten, die als Ma\u00dfnahme der Einrichtung in Anspruch genommen wurden.<\/p>\n<p><strong>ARTIKEL \u2013 8: SCHUTZ PERSONENBEZOGENER DATEN:<\/strong><\/p>\n<p>8.1. Informationen wie Name, Nachname, E-Mail-Adresse, Geschlecht, Wohnort, Finanzdaten, IP-Adresse usw. des Kunden, die im Rahmen des Gesetzes zum Schutz personenbezogener Daten Nr. 6698 als personenbezogene Daten definiert werden k\u00f6nnen;<\/p>\n<p>Sie k\u00f6nnen vom Hotel, seinen Partnern und Drittparteien und\/oder Organisationen verarbeitet, in schriftlichen\/magnetischen Archiven gespeichert, verwendet, aktualisiert, weitergegeben, \u00fcbertragen und auf andere Weise verarbeitet werden, um Produkte und Dienstleistungen bereitzustellen, Produkte und Dienstleistungen zu verbessern, Systemprobleme zu l\u00f6sen, Zahlungstransaktionen durchzuf\u00fchren, Kundeninformationen zu aktualisieren und Unterk\u00fcnfte\/Reservierungen zu verwalten und aufrechtzuerhalten, zum Zweck der Erf\u00fcllung des Fernabsatzvertrags und anderer Vereinbarungen, die zwischen dem Hotel und dem Kunden geschlossen wurden, und um sicherzustellen, dass Drittparteien technische und andere \u00e4hnliche Funktionen im Auftrag des Hotels ausf\u00fchren.<\/p>\n<p>8.2. Die notwendigen Ma\u00dfnahmen zur Gew\u00e4hrleistung der Sicherheit der vom Kunden auf der Website eingegebenen Informationen und Transaktionen wurden in der hoteleigenen Systeminfrastruktur entsprechend der Art der Informationen und Transaktionen im Rahmen der aktuellen technischen M\u00f6glichkeiten umgesetzt. Da die betreffenden Informationen jedoch von kundeneigenen Ger\u00e4ten eingegeben werden, ist der Kunde daf\u00fcr verantwortlich, die notwendigen Vorkehrungen, einschlie\u00dflich Ma\u00dfnahmen gegen Viren und \u00e4hnliche Schadprogramme, zu treffen, um die Informationen zu sch\u00fctzen und unbefugten Zugriff zu verhindern.<\/p>\n<p>8.3. Das Hotel kann den Kunden jederzeit \u00fcber die angegebenen Kommunikationskan\u00e4le kontaktieren und die Einstellung der Datennutzung, -verarbeitung und\/oder -kommunikation verlangen. Auf ausdr\u00fccklichen Wunsch des Kunden wird die Verarbeitung personenbezogener Daten und\/oder die Kommunikation innerhalb der gesetzlich vorgeschriebenen und\/oder m\u00f6glichen Frist eingestellt. Dar\u00fcber hinaus werden auf Kundenwunsch seine Daten, sofern sie nicht gesetzlich vorgeschrieben und\/oder m\u00f6glich sind, aus dem Datenerfassungssystem gel\u00f6scht oder so anonymisiert, dass eine Identifizierung verhindert wird. Der Kunde kann sich auf Anfrage jederzeit an das Hotel wenden und Informationen \u00fcber die Verarbeitung seiner personenbezogenen Daten, die Empf\u00e4nger der Daten, die Berichtigung unvollst\u00e4ndiger oder unrichtiger Daten, die \u00dcbermittlung korrigierter Daten an relevante Dritte, die L\u00f6schung oder Vernichtung von Daten, Einspruch gegen nachteilige Ergebnisse automatisierter Analysen und Schadensersatzanspr\u00fcche aufgrund unrechtm\u00e4\u00dfiger Datenverarbeitung erhalten. Diese Anfragen werden gepr\u00fcft und der Kunde wird innerhalb der gesetzlich vorgeschriebenen Fristen kontaktiert.<\/p>\n<p><strong>ARTIKEL 9 \u2013 STREITBEILEGUNG:\u00a0<\/strong><\/p>\n<p>Bei der Umsetzung dieses Fernabsatzvertrags sind die Verbraucherschlichtungsstellen und Verbrauchergerichte am Ort des Erwerbs der Waren oder Dienstleistungen und an seinem Wohnsitz bis zu dem vom Handelsministerium angegebenen Wert zust\u00e4ndig. Bezirks-\/Provinz-Verbraucherschlichtungsstellen sind befugt, Verbraucherklagen gem\u00e4\u00df den in Artikel 68 Absatz 1 des Gesetzes Nr. 6502 zum Verbraucherschutz festgelegten Unter- und Obergrenzen anzuh\u00f6ren.<\/p>\n<p><strong>ARTIKEL 10 \u2013 DURCHSETZUNG:<\/strong><\/p>\n<p>Dieser Vertrag, der aus 10 (zehn) Artikeln besteht, wurde abgeschlossen und trat in Kraft, indem er von den Parteien gelesen und vom Kunden am Reservierungs-\/Zahlungsdatum elektronisch genehmigt wurde.<\/p>\n<\/div>\n<\/div>\n<\/div>\n<\/div>\n<\/div>\n\n\t\t<\/div>\n\t<\/div>\n<\/div><\/div><\/div><\/div>\n<\/section>","protected":false},"excerpt":{"rendered":"&nbsp; REZERVASYON KONAKLAMA MESAFEL\u0130 SATI\u015e S\u00d6ZLE\u015eMES\u0130 LADIES BEACH SUIT OTEL Konak Aytar \u0130n\u015f. Taah. Tur. Tar. Oto.\u0130th. \u0130hr. San. Ve Tic. A.\u015e Adres:\u00a0Kad\u0131nlar Denizi Mah. Kad\u0131nlar Denizi Cad. No:66\/24 Ku\u015fadas\u0131 \/ Ayd\u0131n Telefon:\u00a00256 6141000 E-posta:\u00a0info@ladiesbeachsuitotel.com MADDE 1 \u2013 TARAFLAR: \u0130\u015fbu s\u00f6zle\u015fme (\u201cS\u00f6zle\u015fme\u201d) bir tarafta Kad\u0131nlar Denizi Mah. Kad\u0131nlar Denizi Cad. No:66\/24 Ku\u015fadas\u0131 \/ Ayd\u0131n adresinde [...]","protected":false},"author":1,"featured_media":0,"parent":0,"menu_order":0,"comment_status":"closed","ping_status":"open","template":"","meta":{"footnotes":""},"class_list":["post-3","page","type-page","status-publish","hentry"],"yoast_head":"<!-- This site is optimized with the Yoast SEO Premium plugin v23.1 (Yoast SEO v23.1) - https:\/\/yoast.com\/wordpress\/plugins\/seo\/ -->\n<title>Mesafeli Sat\u0131\u015f S\u00f6zle\u015fmesi - Ladies Beach Suit Otel<\/title>\n<meta name=\"robots\" content=\"index, follow, max-snippet:-1, max-image-preview:large, max-video-preview:-1\" \/>\n<link rel=\"canonical\" href=\"https:\/\/ladiesbeachsuitotel.com\/de\/rezervasyon-konaklama-mesafeli-satis-sozlesmesi\/\" \/>\n<meta property=\"og:locale\" content=\"de_DE\" \/>\n<meta property=\"og:type\" content=\"article\" \/>\n<meta property=\"og:title\" content=\"Mesafeli Sat\u0131\u015f S\u00f6zle\u015fmesi\" \/>\n<meta property=\"og:url\" content=\"https:\/\/ladiesbeachsuitotel.com\/de\/rezervasyon-konaklama-mesafeli-satis-sozlesmesi\/\" \/>\n<meta property=\"og:site_name\" content=\"Ladies Beach Suit Otel\" \/>\n<meta property=\"article:publisher\" content=\"https:\/\/www.instagram.com\/ladiesbeachsuitotels\/\" \/>\n<meta property=\"article:modified_time\" content=\"2024-07-27T12:41:15+00:00\" \/>\n<meta name=\"twitter:card\" content=\"summary_large_image\" \/>\n<meta name=\"twitter:label1\" content=\"Gesch\u00e4tzte Lesezeit\" \/>\n\t<meta name=\"twitter:data1\" content=\"11\u00a0Minuten\" \/>\n<script type=\"application\/ld+json\" class=\"yoast-schema-graph\">{\"@context\":\"https:\/\/schema.org\",\"@graph\":[{\"@type\":\"WebPage\",\"@id\":\"https:\/\/ladiesbeachsuitotel.com\/tr\/rezervasyon-konaklama-mesafeli-satis-sozlesmesi\/\",\"url\":\"https:\/\/ladiesbeachsuitotel.com\/tr\/rezervasyon-konaklama-mesafeli-satis-sozlesmesi\/\",\"name\":\"Mesafeli Sat\u0131\u015f S\u00f6zle\u015fmesi - Ladies Beach Suit Otel\",\"isPartOf\":{\"@id\":\"https:\/\/ladiesbeachsuitotel.com\/tr\/#website\"},\"datePublished\":\"2024-07-25T15:13:44+00:00\",\"dateModified\":\"2024-07-27T12:41:15+00:00\",\"breadcrumb\":{\"@id\":\"https:\/\/ladiesbeachsuitotel.com\/tr\/rezervasyon-konaklama-mesafeli-satis-sozlesmesi\/#breadcrumb\"},\"inLanguage\":\"de\",\"potentialAction\":[{\"@type\":\"ReadAction\",\"target\":[\"https:\/\/ladiesbeachsuitotel.com\/tr\/rezervasyon-konaklama-mesafeli-satis-sozlesmesi\/\"]}]},{\"@type\":\"BreadcrumbList\",\"@id\":\"https:\/\/ladiesbeachsuitotel.com\/tr\/rezervasyon-konaklama-mesafeli-satis-sozlesmesi\/#breadcrumb\",\"itemListElement\":[{\"@type\":\"ListItem\",\"position\":1,\"name\":\"Home\",\"item\":\"https:\/\/ladiesbeachsuitotel.com\/tr\/\"},{\"@type\":\"ListItem\",\"position\":2,\"name\":\"Mesafeli Sat\u0131\u015f S\u00f6zle\u015fmesi\"}]},{\"@type\":\"WebSite\",\"@id\":\"https:\/\/ladiesbeachsuitotel.com\/tr\/#website\",\"url\":\"https:\/\/ladiesbeachsuitotel.com\/tr\/\",\"name\":\"Ladies Beach Suit Otel\",\"description\":\"Ladies Beach Suit Otel Ku\u015fadas\u0131\",\"publisher\":{\"@id\":\"https:\/\/ladiesbeachsuitotel.com\/tr\/#organization\"},\"potentialAction\":[{\"@type\":\"SearchAction\",\"target\":{\"@type\":\"EntryPoint\",\"urlTemplate\":\"https:\/\/ladiesbeachsuitotel.com\/tr\/?s={search_term_string}\"},\"query-input\":\"required name=search_term_string\"}],\"inLanguage\":\"de\"},{\"@type\":\"Organization\",\"@id\":\"https:\/\/ladiesbeachsuitotel.com\/tr\/#organization\",\"name\":\"Ladies Beach Suit Otel\",\"url\":\"https:\/\/ladiesbeachsuitotel.com\/tr\/\",\"logo\":{\"@type\":\"ImageObject\",\"inLanguage\":\"de\",\"@id\":\"https:\/\/ladiesbeachsuitotel.com\/tr\/#\/schema\/logo\/image\/\",\"url\":\"https:\/\/ladiesbeachsuitotel.com\/wp-content\/uploads\/2024\/07\/2.png\",\"contentUrl\":\"https:\/\/ladiesbeachsuitotel.com\/wp-content\/uploads\/2024\/07\/2.png\",\"width\":1080,\"height\":1080,\"caption\":\"Ladies Beach Suit Otel\"},\"image\":{\"@id\":\"https:\/\/ladiesbeachsuitotel.com\/tr\/#\/schema\/logo\/image\/\"},\"sameAs\":[\"https:\/\/www.instagram.com\/ladiesbeachsuitotels\/\"]}]}<\/script>\n<!-- \/ Yoast SEO Premium plugin. -->","yoast_head_json":{"title":"Mesafeli Sat\u0131\u015f S\u00f6zle\u015fmesi - Ladies Beach Suit Otel","robots":{"index":"index","follow":"follow","max-snippet":"max-snippet:-1","max-image-preview":"max-image-preview:large","max-video-preview":"max-video-preview:-1"},"canonical":"https:\/\/ladiesbeachsuitotel.com\/de\/rezervasyon-konaklama-mesafeli-satis-sozlesmesi\/","og_locale":"de_DE","og_type":"article","og_title":"Mesafeli Sat\u0131\u015f S\u00f6zle\u015fmesi","og_url":"https:\/\/ladiesbeachsuitotel.com\/de\/rezervasyon-konaklama-mesafeli-satis-sozlesmesi\/","og_site_name":"Ladies Beach Suit Otel","article_publisher":"https:\/\/www.instagram.com\/ladiesbeachsuitotels\/","article_modified_time":"2024-07-27T12:41:15+00:00","twitter_card":"summary_large_image","twitter_misc":{"Gesch\u00e4tzte Lesezeit":"11\u00a0Minuten"},"schema":{"@context":"https:\/\/schema.org","@graph":[{"@type":"WebPage","@id":"https:\/\/ladiesbeachsuitotel.com\/tr\/rezervasyon-konaklama-mesafeli-satis-sozlesmesi\/","url":"https:\/\/ladiesbeachsuitotel.com\/tr\/rezervasyon-konaklama-mesafeli-satis-sozlesmesi\/","name":"Mesafeli Sat\u0131\u015f S\u00f6zle\u015fmesi - Ladies Beach Suit Otel","isPartOf":{"@id":"https:\/\/ladiesbeachsuitotel.com\/tr\/#website"},"datePublished":"2024-07-25T15:13:44+00:00","dateModified":"2024-07-27T12:41:15+00:00","breadcrumb":{"@id":"https:\/\/ladiesbeachsuitotel.com\/tr\/rezervasyon-konaklama-mesafeli-satis-sozlesmesi\/#breadcrumb"},"inLanguage":"de","potentialAction":[{"@type":"ReadAction","target":["https:\/\/ladiesbeachsuitotel.com\/tr\/rezervasyon-konaklama-mesafeli-satis-sozlesmesi\/"]}]},{"@type":"BreadcrumbList","@id":"https:\/\/ladiesbeachsuitotel.com\/tr\/rezervasyon-konaklama-mesafeli-satis-sozlesmesi\/#breadcrumb","itemListElement":[{"@type":"ListItem","position":1,"name":"Home","item":"https:\/\/ladiesbeachsuitotel.com\/tr\/"},{"@type":"ListItem","position":2,"name":"Mesafeli Sat\u0131\u015f S\u00f6zle\u015fmesi"}]},{"@type":"WebSite","@id":"https:\/\/ladiesbeachsuitotel.com\/tr\/#website","url":"https:\/\/ladiesbeachsuitotel.com\/tr\/","name":"Ladies Beach Suite Hotel","description":"Ladies Beach Suite Hotel Ku\u015fadas\u0131","publisher":{"@id":"https:\/\/ladiesbeachsuitotel.com\/tr\/#organization"},"potentialAction":[{"@type":"SearchAction","target":{"@type":"EntryPoint","urlTemplate":"https:\/\/ladiesbeachsuitotel.com\/tr\/?s={search_term_string}"},"query-input":"required name=search_term_string"}],"inLanguage":"de"},{"@type":"Organization","@id":"https:\/\/ladiesbeachsuitotel.com\/tr\/#organization","name":"Ladies Beach Suite Hotel","url":"https:\/\/ladiesbeachsuitotel.com\/tr\/","logo":{"@type":"ImageObject","inLanguage":"de","@id":"https:\/\/ladiesbeachsuitotel.com\/tr\/#\/schema\/logo\/image\/","url":"https:\/\/ladiesbeachsuitotel.com\/wp-content\/uploads\/2024\/07\/2.png","contentUrl":"https:\/\/ladiesbeachsuitotel.com\/wp-content\/uploads\/2024\/07\/2.png","width":1080,"height":1080,"caption":"Ladies Beach Suit Otel"},"image":{"@id":"https:\/\/ladiesbeachsuitotel.com\/tr\/#\/schema\/logo\/image\/"},"sameAs":["https:\/\/www.instagram.com\/ladiesbeachsuitotels\/"]}]}},"_links":{"self":[{"href":"https:\/\/ladiesbeachsuitotel.com\/de\/wp-json\/wp\/v2\/pages\/3","targetHints":{"allow":["GET"]}}],"collection":[{"href":"https:\/\/ladiesbeachsuitotel.com\/de\/wp-json\/wp\/v2\/pages"}],"about":[{"href":"https:\/\/ladiesbeachsuitotel.com\/de\/wp-json\/wp\/v2\/types\/page"}],"author":[{"embeddable":true,"href":"https:\/\/ladiesbeachsuitotel.com\/de\/wp-json\/wp\/v2\/users\/1"}],"replies":[{"embeddable":true,"href":"https:\/\/ladiesbeachsuitotel.com\/de\/wp-json\/wp\/v2\/comments?post=3"}],"version-history":[{"count":0,"href":"https:\/\/ladiesbeachsuitotel.com\/de\/wp-json\/wp\/v2\/pages\/3\/revisions"}],"wp:attachment":[{"href":"https:\/\/ladiesbeachsuitotel.com\/de\/wp-json\/wp\/v2\/media?parent=3"}],"curies":[{"name":"wp","href":"https:\/\/api.w.org\/{rel}","templated":true}]}}