{"id":491,"date":"2024-07-27T15:40:55","date_gmt":"2024-07-27T12:40:55","guid":{"rendered":"https:\/\/ladiesbeachsuitotel.com\/?page_id=491"},"modified":"2024-07-27T15:41:05","modified_gmt":"2024-07-27T12:41:05","slug":"kisisel-verileri-koruma-kanunu","status":"publish","type":"page","link":"https:\/\/ladiesbeachsuitotel.com\/de\/kisisel-verileri-koruma-kanunu\/","title":{"rendered":"Datenschutzgesetz"},"content":{"rendered":"<section class=\"wpb-content-wrapper\"><div class=\"vc_row wpb_row vc_row-fluid\"><div class=\"wpb_column vc_column_container vc_col-sm-12\"><div class=\"vc_column-inner\"><div class=\"wpb_wrapper\">\n\t<div class=\"wpb_text_column wpb_content_element\" >\n\t\t<div class=\"wpb_wrapper\">\n\t\t\t<p><strong>Datenschutzgesetz<\/strong><\/p>\n<div class=\"container\">\n<div class=\"entry\">\n<div class=\"row\">\n<div class=\"col-md-12\">\n<div class=\"info-branding\">\n<p>Diese Informationen werden gem\u00e4\u00df Artikel 10 des \u201eGesetzes zum Schutz personenbezogener Daten\u201c Nr. 6698 und aufgrund gesetzlicher Verpflichtung bereitgestellt.<\/p>\n<p>Als KONAK AYTAR \u0130N\u015eAAT TAAH. TUR. TAR. OTO. \u0130TH. \u0130HR. SAN. VE T\u0130C. A.\u015e (LADIES BEACH SUIT OTEL) legen wir gr\u00f6\u00dften Wert auf die Sicherheit Ihrer personenbezogenen Daten. In diesem Bewusstsein legen wir gro\u00dfen Wert auf die Verarbeitung und Speicherung aller personenbezogenen Daten aller mit unserem Unternehmen verbundenen Personen, einschlie\u00dflich derjenigen, die von unseren Produkten und Dienstleistungen profitieren, gem\u00e4\u00df dem Gesetz zum Schutz personenbezogener Daten Nr. 6998 (KVKK). In \u00dcbereinstimmung mit dieser Verantwortung verarbeiten wir als \u201eVerantwortlicher\u201c gem\u00e4\u00df Artikel 3 des KVKK Ihre personenbezogenen Daten wie nachfolgend beschrieben und innerhalb der gesetzlich vorgeschriebenen Grenzen.<\/p>\n<p>1- ZWECKE DER VERARBEITUNG PERSONENBEZOGENER DATEN<\/p>\n<p>Ihre personenbezogenen Daten (Vorname, Nachname, Geburtsdatum, Identit\u00e4ts- und Passinformationen, Telefonnummer (Arbeit, Festnetz und Mobiltelefon), E-Mail-Adresse, Geschlecht, Adresse, Beruf, Ausbildung, Familienstand, Kfz-Kennzeichen, Unterkunft, Kreditkarte, Ausgaben, Einkaufsinformationen, Rechnungsinformationen, Konsumpr\u00e4ferenzen usw.) werden von unserem Unternehmen verarbeitet, damit die Gesch\u00e4ftseinheiten die notwendigen Arbeiten ausf\u00fchren k\u00f6nnen, damit Sie von den von unserem Unternehmen angebotenen Produkten und Dienstleistungen profitieren k\u00f6nnen, um Produkte und Dienstleistungen bereitzustellen, um mit Ihnen \u00fcber die von Ihnen gekauften\/zu kaufenden Produkte und Dienstleistungen zu kommunizieren, um Ihnen Produkte und Dienstleistungen zu empfehlen, indem wir sie an Ihren Geschmack, Ihre Nutzungsgewohnheiten und Bed\u00fcrfnisse anpassen, um Produkt-\/Dienstleistungsangebote (zur Verwendung in Marketingaktivit\u00e4ten) zu erstellen, zu modellieren, zu berichten, zu bewerten, die Personalpolitik unseres Unternehmens umzusetzen, die rechtliche und kommerzielle Sicherheit unseres Unternehmens und derjenigen zu gew\u00e4hrleisten, die mit unserem Unternehmen in Kontakt stehen, die kommerziellen und gesch\u00e4ftlichen Strategien unseres Unternehmens zu bestimmen und umzusetzen, f\u00fcr die Zwecke der Studien zu aktuellen oder neuen Produkten unseres Unternehmens und seiner Tochtergesellschaften und zur Identifizierung potenzieller Kunden usw. sowie im Zusammenhang mit Tourismus-, Marketing-, Verkaufsf\u00f6rderungs- und Werbeaktivit\u00e4ten und aufgrund gesetzlicher Verpflichtungen Verarbeitungsbedingungen gem\u00e4\u00df den Artikeln 5 und 6 des KVKK. und im Rahmen seiner Zwecke verarbeitet.<\/p>\n<p>2- ZU WELCHEN ZWECKEN UND AN WEN WERDEN PERSONENBEZOGENE DATEN \u00dcBERMITTELT<\/p>\n<p>Ihre personenbezogenen Daten k\u00f6nnen an unsere Gesch\u00e4ftspartner, Lieferanten, Anteilseigner, verbundenen Unternehmen, gesetzlich befugten \u00f6ffentlichen Einrichtungen, staatlichen Sicherheitseinheiten und Privatpersonen weitergegeben werden, damit unsere Gesch\u00e4ftseinheiten die erforderlichen Arbeiten ausf\u00fchren k\u00f6nnen, damit Sie von den von unserem Unternehmen angebotenen Produkten und Dienstleistungen profitieren k\u00f6nnen, um Produkte und Dienstleistungen bereitzustellen, um mit Ihnen \u00fcber die von Ihnen gekauften\/zu kaufenden Produkte und Dienstleistungen zu kommunizieren, um Produkte und Dienstleistungen an Ihren Geschmack, Ihre Nutzungsgewohnheiten und Bed\u00fcrfnisse anzupassen und sie Ihnen zu empfehlen, um Produkte\/Dienstleistungen anzubieten (zur Verwendung in Marketingaktivit\u00e4ten), um die rechtliche und kommerzielle Sicherheit unseres Unternehmens und der mit unserem Unternehmen in Verbindung stehenden Personen zu gew\u00e4hrleisten, um die kommerziellen und gesch\u00e4ftlichen Strategien unseres Unternehmens festzulegen und umzusetzen, sowie an unsere Gesch\u00e4ftspartner, Lieferanten, Anteilseigner, verbundenen Unternehmen, gesetzlich befugten \u00f6ffentlichen Einrichtungen, staatlichen Sicherheitseinheiten und Privatpersonen im Rahmen der in den Artikeln 8 und 9 des KVKK festgelegten Bedingungen und Zwecke der Verarbeitung personenbezogener Daten.<\/p>\n<p>3- METHODE UND RECHTSGRUNDLAGE F\u00dcR DIE ERHEBUNG PERSONENBEZOGENER DATEN<\/p>\n<p>Ihre personenbezogenen Daten werden in jeglicher Form, m\u00fcndlich, schriftlich oder elektronisch, gem\u00e4\u00df den oben genannten Zwecken erhoben, um unserem Unternehmen die Bereitstellung von Produkten und Dienstleistungen im gesetzlichen Rahmen sowie die vollst\u00e4ndige und genaue Erf\u00fcllung seiner vertraglichen und gesetzlichen Verpflichtungen zu erm\u00f6glichen. Ihre aus diesem Rechtsgrund erhobenen personenbezogenen Daten k\u00f6nnen gem\u00e4\u00df den in den Artikeln 5 und 6 des Datenschutzgesetzes festgelegten Bedingungen und Zwecken der Verarbeitung personenbezogener Daten zu den in den Artikeln 1 und 2 dieses Textes genannten Zwecken verarbeitet und \u00fcbermittelt werden.<\/p>\n<p>&nbsp;<\/p>\n<p>4- RECHTE DES INHABERS DER PERS\u00d6NLICHEN DATEN<\/p>\n<p>&nbsp;<\/p>\n<p>Als Eigent\u00fcmer der personenbezogenen Daten;<\/p>\n<p>&nbsp;<\/p>\n<p>Erfahren, ob personenbezogene Daten verarbeitet werden,<\/p>\n<p>&nbsp;<\/p>\n<p>Auskunft \u00fcber die Verarbeitung personenbezogener Daten verlangen,<\/p>\n<p>&nbsp;<\/p>\n<p>Um zu erfahren, zu welchem Zweck Ihre personenbezogenen Daten verarbeitet werden und ob diese zweckgem\u00e4\u00df verwendet werden,<\/p>\n<p>&nbsp;<\/p>\n<p>Kenntnis der Drittparteien, an die personenbezogene Daten im In- und Ausland \u00fcbermittelt werden,<\/p>\n<p>&nbsp;<\/p>\n<p>Die Berichtigung unvollst\u00e4ndiger oder unrichtig verarbeiteter personenbezogener Daten zu verlangen und die Benachrichtigung der in diesem Zusammenhang getroffenen Ma\u00dfnahmen an Dritte zu verlangen, an die personenbezogene Daten \u00fcbermittelt wurden,<\/p>\n<p>&nbsp;<\/p>\n<p>Die Vernichtung personenbezogener Daten zu verlangen, wenn die Gr\u00fcnde f\u00fcr die Verarbeitung wegfallen, obwohl die Daten gem\u00e4\u00df den Bestimmungen der KVKK und den einschl\u00e4gigen Gesetzen verarbeitet werden, und zu verlangen, dass die in diesem Rahmen ergriffenen Ma\u00dfnahmen Dritten mitgeteilt werden, an die personenbezogene Daten \u00fcbermittelt wurden.<\/p>\n<p>&nbsp;<\/p>\n<p>Einspruch gegen die Entstehung eines f\u00fcr die Person nachteiligen Ergebnisses durch die Analyse der verarbeiteten Daten ausschlie\u00dflich durch automatisierte Systeme einzulegen,<\/p>\n<p>&nbsp;<\/p>\n<p>Im Falle eines Schadens, der durch die unrechtm\u00e4\u00dfige Verarbeitung personenbezogener Daten entstanden ist, haben Sie das Recht, Ersatz des Schadens zu verlangen.<\/p>\n<p>&nbsp;<\/p>\n<p>Gem\u00e4\u00df Artikel 13 Absatz 1 des Gesetzes zum Schutz personenbezogener Daten (KVKK) m\u00fcssen Sie Ihren Antrag auf Aus\u00fcbung Ihrer oben genannten Rechte schriftlich oder auf andere vom Datenschutzausschuss festgelegte Weise an unser Unternehmen richten. Da der Datenschutzausschuss zu diesem Zeitpunkt keine spezifische Methode festgelegt hat, m\u00fcssen Sie Ihren Antrag gem\u00e4\u00df KVKK schriftlich an unser Unternehmen richten. In diesem Zusammenhang werden im Folgenden die Kan\u00e4le und Verfahren zur Einreichung Ihres schriftlichen Antrags gem\u00e4\u00df Artikel 11 KVKK an unser Unternehmen erl\u00e4utert.<\/p>\n<p>&nbsp;<\/p>\n<p>Um Ihre oben genannten Rechte auszu\u00fcben, k\u00f6nnen Sie Ihren Antrag einschlie\u00dflich der Informationen zum Nachweis Ihrer Identit\u00e4t und Erl\u00e4uterungen zu dem Recht, das Sie gem\u00e4\u00df Artikel 11 des KVKK aus\u00fcben m\u00f6chten, einreichen, indem Sie das Antragsformular ausf\u00fcllen und eine unterschriebene Kopie des Formulars zusammen mit Dokumenten zum Nachweis Ihrer Identit\u00e4t pers\u00f6nlich an LADIES BEACH SUIT OTEL (KONAK AYTAR \u0130N\u015eAAT TAAH. TUR. TAR. OTO. \u0130TH. \u0130HR. SAN. VE T\u0130C. A.\u015e.) Kad\u0131nlar Denizi Mah. Kad\u0131n Denizi Cad. No:66\/24 Ku\u015fadas\u0131\/AYDIN 09400 abgeben oder ihn durch einen Notar, per Einschreiben mit R\u00fcckschein oder auf andere im KVKK angegebene Weise senden.<\/p>\n<p>&nbsp;<\/p>\n<p>KONAK AYTAR BAUUNTERNEHMEN. TUR. TAR. AUTO. IMPORT. EXPORT. IND. UND HANDEL INC.<\/p>\n<p>Ladies Beach Suite Hotel<\/p>\n<\/div>\n<\/div>\n<\/div>\n<\/div>\n<\/div>\n\n\t\t<\/div>\n\t<\/div>\n<\/div><\/div><\/div><\/div>\n<\/section>","protected":false},"excerpt":{"rendered":"K\u0130\u015e\u0130SEL VER\u0130LER\u0130 KORUMA KANUNU Bu bilgilendirme, 6698 say\u0131l\u0131 \u201cKi\u015fisel Verilerin Korunmas\u0131 Kanunu\u201d 10. maddesi gere\u011fince ve yasal zorunluluk nedeniyle yap\u0131lmaktad\u0131r. KONAK AYTAR \u0130N\u015eAAT TAAH. TUR. TAR. OTO. \u0130TH. \u0130HR. SAN. VE T\u0130C.A.\u015e (LADIES BEACH SUIT OTEL) olarak ki\u015fisel verilerinizin g\u00fcvenli\u011fi hususuna azami hassasiyet g\u00f6stermekteyiz. Bu bilin\u00e7le, \u015firket olarak \u00fcr\u00fcn ve hizmetlerimizden faydalanan ki\u015filer dahil, \u015firketimiz [...]","protected":false},"author":1,"featured_media":0,"parent":0,"menu_order":0,"comment_status":"closed","ping_status":"open","template":"","meta":{"footnotes":""},"class_list":["post-491","page","type-page","status-publish","hentry"],"yoast_head":"<!-- This site is optimized with the Yoast SEO Premium plugin v23.1 (Yoast SEO v23.1) - https:\/\/yoast.com\/wordpress\/plugins\/seo\/ -->\n<title>K\u0130\u015e\u0130SEL VER\u0130LER\u0130 KORUMA KANUNU - Ladies Beach Suit Otel<\/title>\n<meta name=\"robots\" content=\"index, follow, max-snippet:-1, max-image-preview:large, max-video-preview:-1\" \/>\n<link rel=\"canonical\" href=\"https:\/\/ladiesbeachsuitotel.com\/de\/kisisel-verileri-koruma-kanunu\/\" \/>\n<meta property=\"og:locale\" content=\"de_DE\" \/>\n<meta property=\"og:type\" content=\"article\" \/>\n<meta property=\"og:title\" content=\"K\u0130\u015e\u0130SEL VER\u0130LER\u0130 KORUMA KANUNU\" \/>\n<meta property=\"og:url\" content=\"https:\/\/ladiesbeachsuitotel.com\/de\/kisisel-verileri-koruma-kanunu\/\" \/>\n<meta property=\"og:site_name\" content=\"Ladies Beach Suit Otel\" \/>\n<meta property=\"article:publisher\" content=\"https:\/\/www.instagram.com\/ladiesbeachsuitotels\/\" \/>\n<meta property=\"article:modified_time\" content=\"2024-07-27T12:41:05+00:00\" \/>\n<meta name=\"twitter:card\" content=\"summary_large_image\" \/>\n<meta name=\"twitter:label1\" content=\"Gesch\u00e4tzte Lesezeit\" \/>\n\t<meta name=\"twitter:data1\" content=\"5\u00a0Minuten\" \/>\n<script type=\"application\/ld+json\" class=\"yoast-schema-graph\">{\"@context\":\"https:\/\/schema.org\",\"@graph\":[{\"@type\":\"WebPage\",\"@id\":\"https:\/\/ladiesbeachsuitotel.com\/tr\/kisisel-verileri-koruma-kanunu\/\",\"url\":\"https:\/\/ladiesbeachsuitotel.com\/tr\/kisisel-verileri-koruma-kanunu\/\",\"name\":\"K\u0130\u015e\u0130SEL VER\u0130LER\u0130 KORUMA KANUNU - Ladies Beach Suit Otel\",\"isPartOf\":{\"@id\":\"https:\/\/ladiesbeachsuitotel.com\/tr\/#website\"},\"datePublished\":\"2024-07-27T12:40:55+00:00\",\"dateModified\":\"2024-07-27T12:41:05+00:00\",\"breadcrumb\":{\"@id\":\"https:\/\/ladiesbeachsuitotel.com\/tr\/kisisel-verileri-koruma-kanunu\/#breadcrumb\"},\"inLanguage\":\"de\",\"potentialAction\":[{\"@type\":\"ReadAction\",\"target\":[\"https:\/\/ladiesbeachsuitotel.com\/tr\/kisisel-verileri-koruma-kanunu\/\"]}]},{\"@type\":\"BreadcrumbList\",\"@id\":\"https:\/\/ladiesbeachsuitotel.com\/tr\/kisisel-verileri-koruma-kanunu\/#breadcrumb\",\"itemListElement\":[{\"@type\":\"ListItem\",\"position\":1,\"name\":\"Home\",\"item\":\"https:\/\/ladiesbeachsuitotel.com\/tr\/\"},{\"@type\":\"ListItem\",\"position\":2,\"name\":\"K\u0130\u015e\u0130SEL VER\u0130LER\u0130 KORUMA KANUNU\"}]},{\"@type\":\"WebSite\",\"@id\":\"https:\/\/ladiesbeachsuitotel.com\/tr\/#website\",\"url\":\"https:\/\/ladiesbeachsuitotel.com\/tr\/\",\"name\":\"Ladies Beach Suit Otel\",\"description\":\"Ladies Beach Suit Otel Ku\u015fadas\u0131\",\"publisher\":{\"@id\":\"https:\/\/ladiesbeachsuitotel.com\/tr\/#organization\"},\"potentialAction\":[{\"@type\":\"SearchAction\",\"target\":{\"@type\":\"EntryPoint\",\"urlTemplate\":\"https:\/\/ladiesbeachsuitotel.com\/tr\/?s={search_term_string}\"},\"query-input\":\"required name=search_term_string\"}],\"inLanguage\":\"de\"},{\"@type\":\"Organization\",\"@id\":\"https:\/\/ladiesbeachsuitotel.com\/tr\/#organization\",\"name\":\"Ladies Beach Suit Otel\",\"url\":\"https:\/\/ladiesbeachsuitotel.com\/tr\/\",\"logo\":{\"@type\":\"ImageObject\",\"inLanguage\":\"de\",\"@id\":\"https:\/\/ladiesbeachsuitotel.com\/tr\/#\/schema\/logo\/image\/\",\"url\":\"https:\/\/ladiesbeachsuitotel.com\/wp-content\/uploads\/2024\/07\/2.png\",\"contentUrl\":\"https:\/\/ladiesbeachsuitotel.com\/wp-content\/uploads\/2024\/07\/2.png\",\"width\":1080,\"height\":1080,\"caption\":\"Ladies Beach Suit Otel\"},\"image\":{\"@id\":\"https:\/\/ladiesbeachsuitotel.com\/tr\/#\/schema\/logo\/image\/\"},\"sameAs\":[\"https:\/\/www.instagram.com\/ladiesbeachsuitotels\/\"]}]}<\/script>\n<!-- \/ Yoast SEO Premium plugin. -->","yoast_head_json":{"title":"K\u0130\u015e\u0130SEL VER\u0130LER\u0130 KORUMA KANUNU - Ladies Beach Suit Otel","robots":{"index":"index","follow":"follow","max-snippet":"max-snippet:-1","max-image-preview":"max-image-preview:large","max-video-preview":"max-video-preview:-1"},"canonical":"https:\/\/ladiesbeachsuitotel.com\/de\/kisisel-verileri-koruma-kanunu\/","og_locale":"de_DE","og_type":"article","og_title":"K\u0130\u015e\u0130SEL VER\u0130LER\u0130 KORUMA KANUNU","og_url":"https:\/\/ladiesbeachsuitotel.com\/de\/kisisel-verileri-koruma-kanunu\/","og_site_name":"Ladies Beach Suit Otel","article_publisher":"https:\/\/www.instagram.com\/ladiesbeachsuitotels\/","article_modified_time":"2024-07-27T12:41:05+00:00","twitter_card":"summary_large_image","twitter_misc":{"Gesch\u00e4tzte Lesezeit":"5\u00a0Minuten"},"schema":{"@context":"https:\/\/schema.org","@graph":[{"@type":"WebPage","@id":"https:\/\/ladiesbeachsuitotel.com\/tr\/kisisel-verileri-koruma-kanunu\/","url":"https:\/\/ladiesbeachsuitotel.com\/tr\/kisisel-verileri-koruma-kanunu\/","name":"K\u0130\u015e\u0130SEL VER\u0130LER\u0130 KORUMA KANUNU - Ladies Beach Suit Otel","isPartOf":{"@id":"https:\/\/ladiesbeachsuitotel.com\/tr\/#website"},"datePublished":"2024-07-27T12:40:55+00:00","dateModified":"2024-07-27T12:41:05+00:00","breadcrumb":{"@id":"https:\/\/ladiesbeachsuitotel.com\/tr\/kisisel-verileri-koruma-kanunu\/#breadcrumb"},"inLanguage":"de","potentialAction":[{"@type":"ReadAction","target":["https:\/\/ladiesbeachsuitotel.com\/tr\/kisisel-verileri-koruma-kanunu\/"]}]},{"@type":"BreadcrumbList","@id":"https:\/\/ladiesbeachsuitotel.com\/tr\/kisisel-verileri-koruma-kanunu\/#breadcrumb","itemListElement":[{"@type":"ListItem","position":1,"name":"Home","item":"https:\/\/ladiesbeachsuitotel.com\/tr\/"},{"@type":"ListItem","position":2,"name":"K\u0130\u015e\u0130SEL VER\u0130LER\u0130 KORUMA KANUNU"}]},{"@type":"WebSite","@id":"https:\/\/ladiesbeachsuitotel.com\/tr\/#website","url":"https:\/\/ladiesbeachsuitotel.com\/tr\/","name":"Ladies Beach Suite Hotel","description":"Ladies Beach Suite Hotel Ku\u015fadas\u0131","publisher":{"@id":"https:\/\/ladiesbeachsuitotel.com\/tr\/#organization"},"potentialAction":[{"@type":"SearchAction","target":{"@type":"EntryPoint","urlTemplate":"https:\/\/ladiesbeachsuitotel.com\/tr\/?s={search_term_string}"},"query-input":"required name=search_term_string"}],"inLanguage":"de"},{"@type":"Organization","@id":"https:\/\/ladiesbeachsuitotel.com\/tr\/#organization","name":"Ladies Beach Suite Hotel","url":"https:\/\/ladiesbeachsuitotel.com\/tr\/","logo":{"@type":"ImageObject","inLanguage":"de","@id":"https:\/\/ladiesbeachsuitotel.com\/tr\/#\/schema\/logo\/image\/","url":"https:\/\/ladiesbeachsuitotel.com\/wp-content\/uploads\/2024\/07\/2.png","contentUrl":"https:\/\/ladiesbeachsuitotel.com\/wp-content\/uploads\/2024\/07\/2.png","width":1080,"height":1080,"caption":"Ladies Beach Suit Otel"},"image":{"@id":"https:\/\/ladiesbeachsuitotel.com\/tr\/#\/schema\/logo\/image\/"},"sameAs":["https:\/\/www.instagram.com\/ladiesbeachsuitotels\/"]}]}},"_links":{"self":[{"href":"https:\/\/ladiesbeachsuitotel.com\/de\/wp-json\/wp\/v2\/pages\/491","targetHints":{"allow":["GET"]}}],"collection":[{"href":"https:\/\/ladiesbeachsuitotel.com\/de\/wp-json\/wp\/v2\/pages"}],"about":[{"href":"https:\/\/ladiesbeachsuitotel.com\/de\/wp-json\/wp\/v2\/types\/page"}],"author":[{"embeddable":true,"href":"https:\/\/ladiesbeachsuitotel.com\/de\/wp-json\/wp\/v2\/users\/1"}],"replies":[{"embeddable":true,"href":"https:\/\/ladiesbeachsuitotel.com\/de\/wp-json\/wp\/v2\/comments?post=491"}],"version-history":[{"count":0,"href":"https:\/\/ladiesbeachsuitotel.com\/de\/wp-json\/wp\/v2\/pages\/491\/revisions"}],"wp:attachment":[{"href":"https:\/\/ladiesbeachsuitotel.com\/de\/wp-json\/wp\/v2\/media?parent=491"}],"curies":[{"name":"wp","href":"https:\/\/api.w.org\/{rel}","templated":true}]}}