{"id":114,"date":"2015-03-16T21:04:57","date_gmt":"2015-03-16T21:04:57","guid":{"rendered":"http:\/\/jorritabrahams.nl\/starhotel-wp\/?page_id=114"},"modified":"2024-07-26T20:35:15","modified_gmt":"2024-07-26T17:35:15","slug":"iletisim","status":"publish","type":"page","link":"https:\/\/ladiesbeachsuitotel.com\/en\/iletisim\/","title":{"rendered":"Contact"},"content":{"rendered":"<section class=\"wpb-content-wrapper\"><div class=\"vc_row wpb_row vc_row-fluid\"><div class=\"wpb_column vc_column_container vc_col-sm-8\"><div class=\"vc_column-inner\"><div class=\"wpb_wrapper\">\n        <h2 class=\"lined-heading mt50\">\n            <span>\n            Send Message\n            <\/span>\n        <\/h2>\n        \n\t<div class=\"wpb_text_column wpb_content_element\" >\n\t\t<div class=\"wpb_wrapper\">\n\t\t\t\n\t\t<\/div>\n\t<\/div>\n\n<div class=\"wpcf7 no-js\" id=\"wpcf7-f184-o1\" lang=\"en-US\" dir=\"ltr\">\n<div class=\"screen-reader-response\"><p role=\"status\" aria-live=\"polite\" aria-atomic=\"true\"><\/p> <ul><\/ul><\/div>\n<form action=\"\/en\/wp-json\/wp\/v2\/pages\/114#wpcf7-f184-o1\" method=\"post\" class=\"wpcf7-form init\" aria-label=\"Contact form\" novalidate=\"novalidate\" data-status=\"init\" data-trp-original-action=\"\/en\/wp-json\/wp\/v2\/pages\/114#wpcf7-f184-o1\">\n<div style=\"display: none;\">\n<input type=\"hidden\" name=\"_wpcf7\" value=\"184\" \/>\n<input type=\"hidden\" name=\"_wpcf7_version\" value=\"5.9.8\" \/>\n<input type=\"hidden\" name=\"_wpcf7_locale\" value=\"en_US\" \/>\n<input type=\"hidden\" name=\"_wpcf7_unit_tag\" value=\"wpcf7-f184-o1\" \/>\n<input type=\"hidden\" name=\"_wpcf7_container_post\" value=\"0\" \/>\n<input type=\"hidden\" name=\"_wpcf7_posted_data_hash\" value=\"\" \/>\n<\/div>\n<p><label><span class=\"required\">*<\/span> Your name<\/label>\n<\/p>\n<p><span class=\"wpcf7-form-control-wrap\" data-name=\"your-name\"><input size=\"40\" maxlength=\"400\" class=\"wpcf7-form-control wpcf7-text wpcf7-validates-as-required\" aria-required=\"true\" aria-invalid=\"false\" value=\"\" type=\"text\" name=\"your-name\" \/><\/span>\n<\/p>\n<p><label><span class=\"required\">*<\/span> E-mail<\/label>\n<\/p>\n<p><span class=\"wpcf7-form-control-wrap\" data-name=\"your-email\"><input size=\"40\" maxlength=\"400\" class=\"wpcf7-form-control wpcf7-email wpcf7-validates-as-required wpcf7-text wpcf7-validates-as-email\" aria-required=\"true\" aria-invalid=\"false\" value=\"\" type=\"email\" name=\"your-email\" \/><\/span>\n<\/p>\n<p><label><span class=\"required\">*<\/span> Subject<\/label>\n<\/p>\n<p><span class=\"wpcf7-form-control-wrap\" data-name=\"your-subject\"><input size=\"40\" maxlength=\"400\" class=\"wpcf7-form-control wpcf7-text\" aria-invalid=\"false\" value=\"\" type=\"text\" name=\"your-subject\" \/><\/span>\n<\/p>\n<p><label><span class=\"required\">*<\/span> Your message<\/label>\n<\/p>\n<p><span class=\"wpcf7-form-control-wrap\" data-name=\"your-message\"><textarea cols=\"40\" rows=\"10\" maxlength=\"2000\" class=\"wpcf7-form-control wpcf7-textarea\" aria-invalid=\"false\" name=\"your-message\"><\/textarea><\/span>\n<\/p>\n<p><input class=\"wpcf7-form-control wpcf7-submit has-spinner btn btn-lg btn-primary\" type=\"submit\" value=\"Send\" \/>\n<\/p><div class=\"wpcf7-response-output\" aria-hidden=\"true\"><\/div>\n<input type=\"hidden\" name=\"trp-form-language\" value=\"en\"\/><\/form>\n<\/div>\n<\/div><\/div><\/div><div class=\"wpb_column vc_column_container vc_col-sm-4\"><div class=\"vc_column-inner\"><div class=\"wpb_wrapper\">\n        <h2 class=\"lined-heading mt50\">\n            <span>\n            Address\n            <\/span>\n        <\/h2>\n        \n\n<div class=\"mfp_open\"><a href=\"https:\/\/ladiesbeachsuitotel.com\/wp-content\/uploads\/2024\/07\/3e747f2452ca73a918811377e6bb19dd.png\" title=\"\"><img decoding=\"async\" src=\"https:\/\/ladiesbeachsuitotel.com\/wp-content\/uploads\/2024\/07\/3e747f2452ca73a918811377e6bb19dd.png\" alt=\"\" class=\"img-thumbnail img-responsive\"><\/a><\/div>\n  <div class=\"vc_empty_space\"   style=\"height: 22px\"><span class=\"vc_empty_space_inner\"><\/span><\/div>\n\t<div class=\"wpb_text_column wpb_content_element\" >\n\t\t<div class=\"wpb_wrapper\">\n\t\t\t<address>Women&#039;s Sea Neighborhood, Women&#039;s Sea Street No: 66\/Z-16 Entrance, Ku\u015fadas\u0131\/Ayd\u0131n<\/p>\n<p><i class=\"fa fa-phone\" aria-hidden=\"true\"><\/i> Phone: +90 256 614 1000<\/p>\n<p><i class=\"fa fa-phone\" aria-hidden=\"true\"><\/i> Phone: +90 256 614 1002<\/p>\n<p><i class=\"fa fa-phone\" aria-hidden=\"true\"><\/i> Phone: +90 256 614 1007<\/p>\n<p><i class=\"fa fa-fax\"><\/i> Fax: +90 0256 614 11 99<\/p>\n<p><i class=\"fa fa-globe\"><\/i> Web: ladiesbeachsuitotel.com<\/p>\n<p><i class=\"fa fa-envelope\"><\/i> E-mail: <a href=\"mailto:info@ladiesbeachsuitotel.com\">info@ladiesbeachsuitotel.com<\/a><\/p>\n<\/address>\n\n\t\t<\/div>\n\t<\/div>\n<\/div><\/div><\/div><\/div>\n<\/section>","protected":false},"excerpt":{"rendered":"Mesaj G\u00f6nder * Ad\u0131n\u0131z * E-mail * Konu * Mesaj\u0131n\u0131z Adres Kad\u0131nlar Denizi Mah. Kad\u0131nlar Denizi Cad. No:66\/Z-16 Giri\u015f Ku\u015fadas\u0131\/Ayd\u0131n Telefon: +90 256 614 1000 Telefon: +90 256 614 1002 Telefon: +90 256 614 1007 Fax: +90 0256 614 11 99 Web: ladiesbeachsuitotel.com Email: info@ladiesbeachsuitotel.com","protected":false},"author":1,"featured_media":0,"parent":0,"menu_order":0,"comment_status":"open","ping_status":"closed","template":"page-google-maps-header.php","meta":{"footnotes":""},"class_list":["post-114","page","type-page","status-publish","hentry"],"yoast_head":"<!-- This site is optimized with the Yoast SEO Premium plugin v23.1 (Yoast SEO v23.1) - https:\/\/yoast.com\/wordpress\/plugins\/seo\/ -->\n<title>\u0130leti\u015fim - Ladies Beach Suit Otel<\/title>\n<meta name=\"robots\" content=\"index, follow, max-snippet:-1, max-image-preview:large, max-video-preview:-1\" \/>\n<link rel=\"canonical\" href=\"https:\/\/ladiesbeachsuitotel.com\/en\/iletisim\/\" \/>\n<meta property=\"og:locale\" content=\"en_GB\" \/>\n<meta property=\"og:type\" content=\"article\" \/>\n<meta property=\"og:title\" content=\"\u0130leti\u015fim\" \/>\n<meta property=\"og:url\" content=\"https:\/\/ladiesbeachsuitotel.com\/en\/iletisim\/\" \/>\n<meta property=\"og:site_name\" content=\"Ladies Beach Suit Otel\" \/>\n<meta property=\"article:publisher\" content=\"https:\/\/www.instagram.com\/ladiesbeachsuitotels\/\" \/>\n<meta property=\"article:modified_time\" content=\"2024-07-26T17:35:15+00:00\" \/>\n<meta name=\"twitter:card\" content=\"summary_large_image\" \/>\n<script type=\"application\/ld+json\" class=\"yoast-schema-graph\">{\"@context\":\"https:\/\/schema.org\",\"@graph\":[{\"@type\":\"WebPage\",\"@id\":\"https:\/\/ladiesbeachsuitotel.com\/tr\/iletisim\/\",\"url\":\"https:\/\/ladiesbeachsuitotel.com\/tr\/iletisim\/\",\"name\":\"\u0130leti\u015fim - Ladies Beach Suit Otel\",\"isPartOf\":{\"@id\":\"https:\/\/ladiesbeachsuitotel.com\/tr\/#website\"},\"datePublished\":\"2015-03-16T21:04:57+00:00\",\"dateModified\":\"2024-07-26T17:35:15+00:00\",\"breadcrumb\":{\"@id\":\"https:\/\/ladiesbeachsuitotel.com\/tr\/iletisim\/#breadcrumb\"},\"inLanguage\":\"en-GB\",\"potentialAction\":[{\"@type\":\"ReadAction\",\"target\":[\"https:\/\/ladiesbeachsuitotel.com\/tr\/iletisim\/\"]}]},{\"@type\":\"BreadcrumbList\",\"@id\":\"https:\/\/ladiesbeachsuitotel.com\/tr\/iletisim\/#breadcrumb\",\"itemListElement\":[{\"@type\":\"ListItem\",\"position\":1,\"name\":\"Home\",\"item\":\"https:\/\/ladiesbeachsuitotel.com\/tr\/\"},{\"@type\":\"ListItem\",\"position\":2,\"name\":\"\u0130leti\u015fim\"}]},{\"@type\":\"WebSite\",\"@id\":\"https:\/\/ladiesbeachsuitotel.com\/tr\/#website\",\"url\":\"https:\/\/ladiesbeachsuitotel.com\/tr\/\",\"name\":\"Ladies Beach Suit Otel\",\"description\":\"Ladies Beach Suit Otel Ku\u015fadas\u0131\",\"publisher\":{\"@id\":\"https:\/\/ladiesbeachsuitotel.com\/tr\/#organization\"},\"potentialAction\":[{\"@type\":\"SearchAction\",\"target\":{\"@type\":\"EntryPoint\",\"urlTemplate\":\"https:\/\/ladiesbeachsuitotel.com\/tr\/?s={search_term_string}\"},\"query-input\":\"required name=search_term_string\"}],\"inLanguage\":\"en-GB\"},{\"@type\":\"Organization\",\"@id\":\"https:\/\/ladiesbeachsuitotel.com\/tr\/#organization\",\"name\":\"Ladies Beach Suit Otel\",\"url\":\"https:\/\/ladiesbeachsuitotel.com\/tr\/\",\"logo\":{\"@type\":\"ImageObject\",\"inLanguage\":\"en-GB\",\"@id\":\"https:\/\/ladiesbeachsuitotel.com\/tr\/#\/schema\/logo\/image\/\",\"url\":\"https:\/\/ladiesbeachsuitotel.com\/wp-content\/uploads\/2024\/07\/2.png\",\"contentUrl\":\"https:\/\/ladiesbeachsuitotel.com\/wp-content\/uploads\/2024\/07\/2.png\",\"width\":1080,\"height\":1080,\"caption\":\"Ladies Beach Suit Otel\"},\"image\":{\"@id\":\"https:\/\/ladiesbeachsuitotel.com\/tr\/#\/schema\/logo\/image\/\"},\"sameAs\":[\"https:\/\/www.instagram.com\/ladiesbeachsuitotels\/\"]}]}<\/script>\n<!-- \/ Yoast SEO Premium plugin. -->","yoast_head_json":{"title":"\u0130leti\u015fim - Ladies Beach Suit Otel","robots":{"index":"index","follow":"follow","max-snippet":"max-snippet:-1","max-image-preview":"max-image-preview:large","max-video-preview":"max-video-preview:-1"},"canonical":"https:\/\/ladiesbeachsuitotel.com\/en\/iletisim\/","og_locale":"en_GB","og_type":"article","og_title":"\u0130leti\u015fim","og_url":"https:\/\/ladiesbeachsuitotel.com\/en\/iletisim\/","og_site_name":"Ladies Beach Suit Otel","article_publisher":"https:\/\/www.instagram.com\/ladiesbeachsuitotels\/","article_modified_time":"2024-07-26T17:35:15+00:00","twitter_card":"summary_large_image","schema":{"@context":"https:\/\/schema.org","@graph":[{"@type":"WebPage","@id":"https:\/\/ladiesbeachsuitotel.com\/tr\/iletisim\/","url":"https:\/\/ladiesbeachsuitotel.com\/tr\/iletisim\/","name":"\u0130leti\u015fim - Ladies Beach Suit Otel","isPartOf":{"@id":"https:\/\/ladiesbeachsuitotel.com\/tr\/#website"},"datePublished":"2015-03-16T21:04:57+00:00","dateModified":"2024-07-26T17:35:15+00:00","breadcrumb":{"@id":"https:\/\/ladiesbeachsuitotel.com\/tr\/iletisim\/#breadcrumb"},"inLanguage":"en-GB","potentialAction":[{"@type":"ReadAction","target":["https:\/\/ladiesbeachsuitotel.com\/tr\/iletisim\/"]}]},{"@type":"BreadcrumbList","@id":"https:\/\/ladiesbeachsuitotel.com\/tr\/iletisim\/#breadcrumb","itemListElement":[{"@type":"ListItem","position":1,"name":"Home","item":"https:\/\/ladiesbeachsuitotel.com\/tr\/"},{"@type":"ListItem","position":2,"name":"\u0130leti\u015fim"}]},{"@type":"WebSite","@id":"https:\/\/ladiesbeachsuitotel.com\/tr\/#website","url":"https:\/\/ladiesbeachsuitotel.com\/tr\/","name":"Ladies Beach Suite Hotel","description":"Ladies Beach Suite Hotel Ku\u015fadas\u0131","publisher":{"@id":"https:\/\/ladiesbeachsuitotel.com\/tr\/#organization"},"potentialAction":[{"@type":"SearchAction","target":{"@type":"EntryPoint","urlTemplate":"https:\/\/ladiesbeachsuitotel.com\/tr\/?s={search_term_string}"},"query-input":"required name=search_term_string"}],"inLanguage":"en-GB"},{"@type":"Organization","@id":"https:\/\/ladiesbeachsuitotel.com\/tr\/#organization","name":"Ladies Beach Suite Hotel","url":"https:\/\/ladiesbeachsuitotel.com\/tr\/","logo":{"@type":"ImageObject","inLanguage":"en-GB","@id":"https:\/\/ladiesbeachsuitotel.com\/tr\/#\/schema\/logo\/image\/","url":"https:\/\/ladiesbeachsuitotel.com\/wp-content\/uploads\/2024\/07\/2.png","contentUrl":"https:\/\/ladiesbeachsuitotel.com\/wp-content\/uploads\/2024\/07\/2.png","width":1080,"height":1080,"caption":"Ladies Beach Suit Otel"},"image":{"@id":"https:\/\/ladiesbeachsuitotel.com\/tr\/#\/schema\/logo\/image\/"},"sameAs":["https:\/\/www.instagram.com\/ladiesbeachsuitotels\/"]}]}},"_links":{"self":[{"href":"https:\/\/ladiesbeachsuitotel.com\/en\/wp-json\/wp\/v2\/pages\/114","targetHints":{"allow":["GET"]}}],"collection":[{"href":"https:\/\/ladiesbeachsuitotel.com\/en\/wp-json\/wp\/v2\/pages"}],"about":[{"href":"https:\/\/ladiesbeachsuitotel.com\/en\/wp-json\/wp\/v2\/types\/page"}],"author":[{"embeddable":true,"href":"https:\/\/ladiesbeachsuitotel.com\/en\/wp-json\/wp\/v2\/users\/1"}],"replies":[{"embeddable":true,"href":"https:\/\/ladiesbeachsuitotel.com\/en\/wp-json\/wp\/v2\/comments?post=114"}],"version-history":[{"count":0,"href":"https:\/\/ladiesbeachsuitotel.com\/en\/wp-json\/wp\/v2\/pages\/114\/revisions"}],"wp:attachment":[{"href":"https:\/\/ladiesbeachsuitotel.com\/en\/wp-json\/wp\/v2\/media?parent=114"}],"curies":[{"name":"wp","href":"https:\/\/api.w.org\/{rel}","templated":true}]}}