{"id":491,"date":"2024-07-27T15:40:55","date_gmt":"2024-07-27T12:40:55","guid":{"rendered":"https:\/\/ladiesbeachsuitotel.com\/?page_id=491"},"modified":"2024-07-27T15:41:05","modified_gmt":"2024-07-27T12:41:05","slug":"kisisel-verileri-koruma-kanunu","status":"publish","type":"page","link":"https:\/\/ladiesbeachsuitotel.com\/en\/kisisel-verileri-koruma-kanunu\/","title":{"rendered":"PERSONAL DATA PROTECTION LAW"},"content":{"rendered":"<section class=\"wpb-content-wrapper\"><div class=\"vc_row wpb_row vc_row-fluid\"><div class=\"wpb_column vc_column_container vc_col-sm-12\"><div class=\"vc_column-inner\"><div class=\"wpb_wrapper\">\n\t<div class=\"wpb_text_column wpb_content_element\" >\n\t\t<div class=\"wpb_wrapper\">\n\t\t\t<p><strong>PERSONAL DATA PROTECTION LAW<\/strong><\/p>\n<div class=\"container\">\n<div class=\"entry\">\n<div class=\"row\">\n<div class=\"col-md-12\">\n<div class=\"info-branding\">\n<p>This information is provided in accordance with Article 10 of the &quot;Personal Data Protection Law&quot; No. 6698 and due to legal obligation.<\/p>\n<p>As KONAK AYTAR \u0130N\u015eAAT TAAH. TUR. TAR. OTO. \u0130TH. \u0130HR. SAN. VE T\u0130C. A.\u015e (LADIES BEACH SUIT OTEL), we place the utmost importance on the security of your personal data. With this awareness, we attach great importance to the processing and storage of all personal data belonging to all individuals related to our company, including those who benefit from our products and services, in accordance with Personal Data Protection Law No. 6998 (KVKK). In accordance with this responsibility, as the &quot;data controller&quot; as defined in Article 3 of the KVKK, we process your personal data as described below and within the limits stipulated by the legislation.<\/p>\n<p>1- PURPOSES OF PROCESSING PERSONAL DATA<\/p>\n<p>Your personal data (name, surname, date of birth, identity and passport information, work, home and mobile phone number, e-mail address, gender, address, profession, education, marital status, vehicle license plate, accommodation, credit card, expenditure, shopping information, invoice information, consumption preferences, etc.) are processed by our company for the business units to carry out the necessary work to enable you to benefit from the products and services offered by our company, to provide products and services, to communicate with you regarding the products and services you have purchased\/will purchase, to recommend products and services to you by customizing them according to your tastes, usage habits and needs, product\/service offers (to be used in marketing activities), modeling, reporting, scoring, execution of our company&#039;s human resources policies, ensuring the legal and commercial security of our company and those in contact with our company, determining and implementing our company&#039;s commercial and business strategies, for the purposes of our company and its subsidiaries&#039; current or new product studies and potential customer identification, etc., and in relation to tourism, marketing, promotion and advertising activities and due to legal obligations, in accordance with the personal data processing conditions specified in Articles 5 and 6 of the KVKK. and processed within the scope of its purposes.<\/p>\n<p>2- FOR WHICH PURPOSES AND TO WHOM PERSONAL DATA WILL BE TRANSFERRED<\/p>\n<p>Your personal data may be transferred to our business partners, suppliers, shareholders, affiliates, legally authorized public institutions, state security units, and private persons for the purposes of carrying out the necessary work by our business units to enable you to benefit from the products and services offered by our company, to provide products and services, to communicate with you regarding the products and services you have purchased\/will purchase, to customize products and services according to your tastes, usage habits, and needs and to recommend them to you, to offer products\/services (to be used in marketing activities), to ensure the legal and commercial security of our company and persons in relationship with our company, to determine and implement our company&#039;s commercial and business strategies, and to our business partners, suppliers, shareholders, affiliates, legally authorized public institutions, state security units, and private persons, within the framework of the personal data processing conditions and purposes specified in Articles 8 and 9 of the KVKK.<\/p>\n<p>3- METHOD AND LEGAL REASON FOR COLLECTING PERSONAL DATA<\/p>\n<p>Your personal data is collected, in any form, verbally, in writing, or electronically, in accordance with the purposes outlined above, to enable our company to provide products and services within the legal framework and to fully and accurately fulfill its contractual and legal responsibilities. Your personal data collected for this legal reason may be processed and transferred for the purposes specified in Articles 1 and 2 of this text, in accordance with the personal data processing conditions and purposes specified in Articles 5 and 6 of the Personal Data Protection Law.<\/p>\n<p>&nbsp;<\/p>\n<p>4- RIGHTS OF THE PERSONAL DATA OWNER<\/p>\n<p>&nbsp;<\/p>\n<p>As the personal data owner;<\/p>\n<p>&nbsp;<\/p>\n<p>Learning whether personal data is being processed,<\/p>\n<p>&nbsp;<\/p>\n<p>Requesting information regarding the processing of personal data,<\/p>\n<p>&nbsp;<\/p>\n<p>To learn the purpose of processing your personal data and whether they are used in accordance with their purpose,<\/p>\n<p>&nbsp;<\/p>\n<p>Knowing the third parties to whom personal data is transferred, both domestically and abroad,<\/p>\n<p>&nbsp;<\/p>\n<p>To request correction of personal data if it is processed incompletely or incorrectly and to request notification of the action taken to third parties to whom personal data has been transferred,<\/p>\n<p>&nbsp;<\/p>\n<p>To request the destruction of personal data in case the reasons requiring processing are eliminated despite the data being processed in accordance with the provisions of the KVKK and relevant laws, and to request that the action taken within this scope be notified to third parties to whom personal data has been transferred,<\/p>\n<p>&nbsp;<\/p>\n<p>To object to the emergence of a result to the detriment of the person by analyzing the processed data exclusively through automated systems,<\/p>\n<p>&nbsp;<\/p>\n<p>In case of damage caused by the unlawful processing of personal data, you have the right to demand compensation for the damage.<\/p>\n<p>&nbsp;<\/p>\n<p>Pursuant to Article 13, Paragraph 1 of the Personal Data Protection Law (KVKK), you must submit your request to exercise your rights specified above to our company in writing or through other methods determined by the Personal Data Protection Board. Since the Personal Data Protection Board has not determined any specific method at this stage, you must submit your application to our company in writing in accordance with the KVKK. In this context, the channels and procedures for submitting your written application to our company under Article 11 of the KVKK are explained below.<\/p>\n<p>&nbsp;<\/p>\n<p>To exercise your rights specified above, you may submit your request, including information establishing your identity and explanations regarding the right you wish to exercise as specified in Article 11 of the KVKK, by completing the Application Form and delivering a signed copy of the form in person, along with documents establishing your identity, to LADIES BEACH SUIT OTEL (KONAK AYTAR \u0130N\u015eAAT TAAH. TUR. TAR. OTO. \u0130TH. \u0130HR. SAN. VE T\u0130C. A.\u015e.) Kad\u0131nlar Denizi Mah. Kad\u0131n Denizi Cad. No:66\/24 Ku\u015fadas\u0131\/AYDIN 09400, or by sending it through a notary public, by registered mail with return receipt, or by other methods specified in the KVKK.<\/p>\n<p>&nbsp;<\/p>\n<p>KONAK AYTAR CONSTRUCTION CONTRACTING. TUR. TAR. AUTO. IMPORT. EXPORT. IND. AND TRADE INC.<\/p>\n<p>LADIES BEACH SUITE HOTEL<\/p>\n<\/div>\n<\/div>\n<\/div>\n<\/div>\n<\/div>\n\n\t\t<\/div>\n\t<\/div>\n<\/div><\/div><\/div><\/div>\n<\/section>","protected":false},"excerpt":{"rendered":"K\u0130\u015e\u0130SEL VER\u0130LER\u0130 KORUMA KANUNU Bu bilgilendirme, 6698 say\u0131l\u0131 \u201cKi\u015fisel Verilerin Korunmas\u0131 Kanunu\u201d 10. maddesi gere\u011fince ve yasal zorunluluk nedeniyle yap\u0131lmaktad\u0131r. KONAK AYTAR \u0130N\u015eAAT TAAH. TUR. TAR. OTO. \u0130TH. \u0130HR. SAN. VE T\u0130C.A.\u015e (LADIES BEACH SUIT OTEL) olarak ki\u015fisel verilerinizin g\u00fcvenli\u011fi hususuna azami hassasiyet g\u00f6stermekteyiz. Bu bilin\u00e7le, \u015firket olarak \u00fcr\u00fcn ve hizmetlerimizden faydalanan ki\u015filer dahil, \u015firketimiz [...]","protected":false},"author":1,"featured_media":0,"parent":0,"menu_order":0,"comment_status":"closed","ping_status":"open","template":"","meta":{"footnotes":""},"class_list":["post-491","page","type-page","status-publish","hentry"],"yoast_head":"<!-- This site is optimized with the Yoast SEO Premium plugin v23.1 (Yoast SEO v23.1) - https:\/\/yoast.com\/wordpress\/plugins\/seo\/ -->\n<title>K\u0130\u015e\u0130SEL VER\u0130LER\u0130 KORUMA KANUNU - Ladies Beach Suit Otel<\/title>\n<meta name=\"robots\" content=\"index, follow, max-snippet:-1, max-image-preview:large, max-video-preview:-1\" \/>\n<link rel=\"canonical\" href=\"https:\/\/ladiesbeachsuitotel.com\/en\/kisisel-verileri-koruma-kanunu\/\" \/>\n<meta property=\"og:locale\" content=\"en_GB\" \/>\n<meta property=\"og:type\" content=\"article\" \/>\n<meta property=\"og:title\" content=\"K\u0130\u015e\u0130SEL VER\u0130LER\u0130 KORUMA KANUNU\" \/>\n<meta property=\"og:url\" content=\"https:\/\/ladiesbeachsuitotel.com\/en\/kisisel-verileri-koruma-kanunu\/\" \/>\n<meta property=\"og:site_name\" content=\"Ladies Beach Suit Otel\" \/>\n<meta property=\"article:publisher\" content=\"https:\/\/www.instagram.com\/ladiesbeachsuitotels\/\" \/>\n<meta property=\"article:modified_time\" content=\"2024-07-27T12:41:05+00:00\" \/>\n<meta name=\"twitter:card\" content=\"summary_large_image\" \/>\n<meta name=\"twitter:label1\" content=\"Estimated reading time\" \/>\n\t<meta name=\"twitter:data1\" content=\"5 minutes\" \/>\n<script type=\"application\/ld+json\" class=\"yoast-schema-graph\">{\"@context\":\"https:\/\/schema.org\",\"@graph\":[{\"@type\":\"WebPage\",\"@id\":\"https:\/\/ladiesbeachsuitotel.com\/tr\/kisisel-verileri-koruma-kanunu\/\",\"url\":\"https:\/\/ladiesbeachsuitotel.com\/tr\/kisisel-verileri-koruma-kanunu\/\",\"name\":\"K\u0130\u015e\u0130SEL VER\u0130LER\u0130 KORUMA KANUNU - Ladies Beach Suit Otel\",\"isPartOf\":{\"@id\":\"https:\/\/ladiesbeachsuitotel.com\/tr\/#website\"},\"datePublished\":\"2024-07-27T12:40:55+00:00\",\"dateModified\":\"2024-07-27T12:41:05+00:00\",\"breadcrumb\":{\"@id\":\"https:\/\/ladiesbeachsuitotel.com\/tr\/kisisel-verileri-koruma-kanunu\/#breadcrumb\"},\"inLanguage\":\"en-GB\",\"potentialAction\":[{\"@type\":\"ReadAction\",\"target\":[\"https:\/\/ladiesbeachsuitotel.com\/tr\/kisisel-verileri-koruma-kanunu\/\"]}]},{\"@type\":\"BreadcrumbList\",\"@id\":\"https:\/\/ladiesbeachsuitotel.com\/tr\/kisisel-verileri-koruma-kanunu\/#breadcrumb\",\"itemListElement\":[{\"@type\":\"ListItem\",\"position\":1,\"name\":\"Home\",\"item\":\"https:\/\/ladiesbeachsuitotel.com\/tr\/\"},{\"@type\":\"ListItem\",\"position\":2,\"name\":\"K\u0130\u015e\u0130SEL VER\u0130LER\u0130 KORUMA KANUNU\"}]},{\"@type\":\"WebSite\",\"@id\":\"https:\/\/ladiesbeachsuitotel.com\/tr\/#website\",\"url\":\"https:\/\/ladiesbeachsuitotel.com\/tr\/\",\"name\":\"Ladies Beach Suit Otel\",\"description\":\"Ladies Beach Suit Otel Ku\u015fadas\u0131\",\"publisher\":{\"@id\":\"https:\/\/ladiesbeachsuitotel.com\/tr\/#organization\"},\"potentialAction\":[{\"@type\":\"SearchAction\",\"target\":{\"@type\":\"EntryPoint\",\"urlTemplate\":\"https:\/\/ladiesbeachsuitotel.com\/tr\/?s={search_term_string}\"},\"query-input\":\"required name=search_term_string\"}],\"inLanguage\":\"en-GB\"},{\"@type\":\"Organization\",\"@id\":\"https:\/\/ladiesbeachsuitotel.com\/tr\/#organization\",\"name\":\"Ladies Beach Suit Otel\",\"url\":\"https:\/\/ladiesbeachsuitotel.com\/tr\/\",\"logo\":{\"@type\":\"ImageObject\",\"inLanguage\":\"en-GB\",\"@id\":\"https:\/\/ladiesbeachsuitotel.com\/tr\/#\/schema\/logo\/image\/\",\"url\":\"https:\/\/ladiesbeachsuitotel.com\/wp-content\/uploads\/2024\/07\/2.png\",\"contentUrl\":\"https:\/\/ladiesbeachsuitotel.com\/wp-content\/uploads\/2024\/07\/2.png\",\"width\":1080,\"height\":1080,\"caption\":\"Ladies Beach Suit Otel\"},\"image\":{\"@id\":\"https:\/\/ladiesbeachsuitotel.com\/tr\/#\/schema\/logo\/image\/\"},\"sameAs\":[\"https:\/\/www.instagram.com\/ladiesbeachsuitotels\/\"]}]}<\/script>\n<!-- \/ Yoast SEO Premium plugin. -->","yoast_head_json":{"title":"K\u0130\u015e\u0130SEL VER\u0130LER\u0130 KORUMA KANUNU - Ladies Beach Suit Otel","robots":{"index":"index","follow":"follow","max-snippet":"max-snippet:-1","max-image-preview":"max-image-preview:large","max-video-preview":"max-video-preview:-1"},"canonical":"https:\/\/ladiesbeachsuitotel.com\/en\/kisisel-verileri-koruma-kanunu\/","og_locale":"en_GB","og_type":"article","og_title":"K\u0130\u015e\u0130SEL VER\u0130LER\u0130 KORUMA KANUNU","og_url":"https:\/\/ladiesbeachsuitotel.com\/en\/kisisel-verileri-koruma-kanunu\/","og_site_name":"Ladies Beach Suit Otel","article_publisher":"https:\/\/www.instagram.com\/ladiesbeachsuitotels\/","article_modified_time":"2024-07-27T12:41:05+00:00","twitter_card":"summary_large_image","twitter_misc":{"Estimated reading time":"5 minutes"},"schema":{"@context":"https:\/\/schema.org","@graph":[{"@type":"WebPage","@id":"https:\/\/ladiesbeachsuitotel.com\/tr\/kisisel-verileri-koruma-kanunu\/","url":"https:\/\/ladiesbeachsuitotel.com\/tr\/kisisel-verileri-koruma-kanunu\/","name":"K\u0130\u015e\u0130SEL VER\u0130LER\u0130 KORUMA KANUNU - Ladies Beach Suit Otel","isPartOf":{"@id":"https:\/\/ladiesbeachsuitotel.com\/tr\/#website"},"datePublished":"2024-07-27T12:40:55+00:00","dateModified":"2024-07-27T12:41:05+00:00","breadcrumb":{"@id":"https:\/\/ladiesbeachsuitotel.com\/tr\/kisisel-verileri-koruma-kanunu\/#breadcrumb"},"inLanguage":"en-GB","potentialAction":[{"@type":"ReadAction","target":["https:\/\/ladiesbeachsuitotel.com\/tr\/kisisel-verileri-koruma-kanunu\/"]}]},{"@type":"BreadcrumbList","@id":"https:\/\/ladiesbeachsuitotel.com\/tr\/kisisel-verileri-koruma-kanunu\/#breadcrumb","itemListElement":[{"@type":"ListItem","position":1,"name":"Home","item":"https:\/\/ladiesbeachsuitotel.com\/tr\/"},{"@type":"ListItem","position":2,"name":"K\u0130\u015e\u0130SEL VER\u0130LER\u0130 KORUMA KANUNU"}]},{"@type":"WebSite","@id":"https:\/\/ladiesbeachsuitotel.com\/tr\/#website","url":"https:\/\/ladiesbeachsuitotel.com\/tr\/","name":"Ladies Beach Suite Hotel","description":"Ladies Beach Suite Hotel Ku\u015fadas\u0131","publisher":{"@id":"https:\/\/ladiesbeachsuitotel.com\/tr\/#organization"},"potentialAction":[{"@type":"SearchAction","target":{"@type":"EntryPoint","urlTemplate":"https:\/\/ladiesbeachsuitotel.com\/tr\/?s={search_term_string}"},"query-input":"required name=search_term_string"}],"inLanguage":"en-GB"},{"@type":"Organization","@id":"https:\/\/ladiesbeachsuitotel.com\/tr\/#organization","name":"Ladies Beach Suite Hotel","url":"https:\/\/ladiesbeachsuitotel.com\/tr\/","logo":{"@type":"ImageObject","inLanguage":"en-GB","@id":"https:\/\/ladiesbeachsuitotel.com\/tr\/#\/schema\/logo\/image\/","url":"https:\/\/ladiesbeachsuitotel.com\/wp-content\/uploads\/2024\/07\/2.png","contentUrl":"https:\/\/ladiesbeachsuitotel.com\/wp-content\/uploads\/2024\/07\/2.png","width":1080,"height":1080,"caption":"Ladies Beach Suit Otel"},"image":{"@id":"https:\/\/ladiesbeachsuitotel.com\/tr\/#\/schema\/logo\/image\/"},"sameAs":["https:\/\/www.instagram.com\/ladiesbeachsuitotels\/"]}]}},"_links":{"self":[{"href":"https:\/\/ladiesbeachsuitotel.com\/en\/wp-json\/wp\/v2\/pages\/491","targetHints":{"allow":["GET"]}}],"collection":[{"href":"https:\/\/ladiesbeachsuitotel.com\/en\/wp-json\/wp\/v2\/pages"}],"about":[{"href":"https:\/\/ladiesbeachsuitotel.com\/en\/wp-json\/wp\/v2\/types\/page"}],"author":[{"embeddable":true,"href":"https:\/\/ladiesbeachsuitotel.com\/en\/wp-json\/wp\/v2\/users\/1"}],"replies":[{"embeddable":true,"href":"https:\/\/ladiesbeachsuitotel.com\/en\/wp-json\/wp\/v2\/comments?post=491"}],"version-history":[{"count":0,"href":"https:\/\/ladiesbeachsuitotel.com\/en\/wp-json\/wp\/v2\/pages\/491\/revisions"}],"wp:attachment":[{"href":"https:\/\/ladiesbeachsuitotel.com\/en\/wp-json\/wp\/v2\/media?parent=491"}],"curies":[{"name":"wp","href":"https:\/\/api.w.org\/{rel}","templated":true}]}}