{"id":2,"date":"2024-07-25T18:13:44","date_gmt":"2024-07-25T15:13:44","guid":{"rendered":"https:\/\/ladiesbeachsuitotel.com\/?page_id=2"},"modified":"2024-07-30T11:46:31","modified_gmt":"2024-07-30T08:46:31","slug":"hakkimizda","status":"publish","type":"page","link":"https:\/\/ladiesbeachsuitotel.com\/es\/hakkimizda\/","title":{"rendered":"Sobre nosotros"},"content":{"rendered":"<section class=\"wpb-content-wrapper\"><div class=\"vc_row wpb_row vc_row-fluid\"><div class=\"wpb_column vc_column_container vc_col-sm-12\"><div class=\"vc_column-inner\"><div class=\"wpb_wrapper\">\n\t<div class=\"wpb_text_column wpb_content_element\" >\n\t\t<div class=\"wpb_wrapper\">\n\t\t\t<p>Ubicado en el coraz\u00f3n de Ladies Beach, el Ladies Beach Suite Hotel es un hotel boutique con 30 a\u00f1os de experiencia en turismo. Inaugurado en 2014, el Ladies Beach Suite Hotel es un para\u00edso para quienes buscan unas vacaciones \u00fanicas que combinan la calidad de un hotel con la comodidad de un hogar. Con nuestra excepcional arquitectura panor\u00e1mica de 360 grados, habitaciones de dise\u00f1o \u00fanico con vistas al mar inigualables, playa privada (de pago), tiendas exclusivas y otras comodidades, nuestro objetivo es ser su &quot;c\u00f3modo hogar lejos del hogar&quot; en la playa m\u00e1s famosa de Ku\u015fadas\u0131. Esperamos darle la bienvenida a usted y a su familia al Ladies Beach Suite Hotel. Nuestro hotel boutique consta de 47 unidades y funciona exclusivamente con alojamiento y desayuno.<\/p>\n\n\t\t<\/div>\n\t<\/div>\n\n\t<div class=\"wpb_single_image wpb_content_element vc_align_center\">\n\t\t<div class=\"wpb_wrapper\">\n\t\t\t\n\t\t\t<div class=\"vc_single_image-wrapper\"><img loading=\"lazy\" decoding=\"async\" width=\"263\" height=\"165\" src=\"https:\/\/ladiesbeachsuitotel.com\/wp-content\/uploads\/2024\/07\/2-263x165.png\" class=\"vc_single_image-img img-responsive attachment-thumbnail\" alt=\"\" title=\"2\" \/><\/div>\n\t\t<\/div> \n\t<\/div> <\/div><\/div><\/div><\/div><\/section>","protected":false},"excerpt":{"rendered":"Kadinlar Denizi\u2019nin tam da kalbinde konumlanan Ladies Beach Suite Hotel, turizm sekt\u00f6r\u00fcnde 30 senelik deneyimimiz ile 2014 y\u0131l\u0131nda hizmete a\u00e7t\u0131\u011f\u0131m\u0131z hotel kalitesini evinizin konforuyla birle\u015ftiren farkl\u0131 bir tatil anlay\u0131\u015f\u0131n\u0131 arayan siz m\u00fc\u015fterilerimiz i\u00e7in hizmete girmi\u015ftir.S\u0131rad\u0131\u015f\u0131 360 derece panoramik mimarimiz, denizle kucaklasan e\u015fsiz manzaral\u0131 farkl\u0131 tasar\u0131mdaki odalar\u0131m\u0131z, b\u00fcnyemizdeki\u00fccretli \u00f6zel plaj\u0131m\u0131z, se\u00e7kin d\u00fckkanlar ve di\u011fer olanaklar\u0131m\u0131z ile [...]","protected":false},"author":1,"featured_media":0,"parent":0,"menu_order":0,"comment_status":"closed","ping_status":"closed","template":"","meta":{"footnotes":""},"class_list":["post-2","page","type-page","status-publish","hentry"],"yoast_head":"<!-- This site is optimized with the Yoast SEO Premium plugin v23.1 (Yoast SEO v23.1) - https:\/\/yoast.com\/wordpress\/plugins\/seo\/ -->\n<title>Hakk\u0131m\u0131zda - Ladies Beach Suit Otel<\/title>\n<meta name=\"description\" content=\"S\u0131rad\u0131\u015f\u0131 360 derece panoramik mimarimiz, denizle kucaklasan e\u015fsiz manzaral\u0131 farkl\u0131 tasar\u0131mdaki odalar\u0131m\u0131z, b\u00fcnyemizdeki\u00fccretli \u00f6zel plaj\u0131m\u0131z,\" \/>\n<meta name=\"robots\" content=\"index, follow, max-snippet:-1, max-image-preview:large, max-video-preview:-1\" \/>\n<link rel=\"canonical\" href=\"https:\/\/ladiesbeachsuitotel.com\/es\/hakkimizda\/\" \/>\n<meta property=\"og:locale\" content=\"es_ES\" \/>\n<meta property=\"og:type\" content=\"article\" \/>\n<meta property=\"og:title\" content=\"Hakk\u0131m\u0131zda\" \/>\n<meta property=\"og:description\" content=\"S\u0131rad\u0131\u015f\u0131 360 derece panoramik mimarimiz, denizle kucaklasan e\u015fsiz manzaral\u0131 farkl\u0131 tasar\u0131mdaki odalar\u0131m\u0131z, b\u00fcnyemizdeki\u00fccretli \u00f6zel plaj\u0131m\u0131z,\" \/>\n<meta property=\"og:url\" content=\"https:\/\/ladiesbeachsuitotel.com\/es\/hakkimizda\/\" \/>\n<meta property=\"og:site_name\" content=\"Ladies Beach Suit Otel\" \/>\n<meta property=\"article:publisher\" content=\"https:\/\/www.instagram.com\/ladiesbeachsuitotels\/\" \/>\n<meta property=\"article:modified_time\" content=\"2024-07-30T08:46:31+00:00\" \/>\n<meta name=\"twitter:card\" content=\"summary_large_image\" \/>\n<meta name=\"twitter:label1\" content=\"Tiempo de lectura\" \/>\n\t<meta name=\"twitter:data1\" content=\"1 minuto\" \/>\n<script type=\"application\/ld+json\" class=\"yoast-schema-graph\">{\"@context\":\"https:\/\/schema.org\",\"@graph\":[{\"@type\":\"WebPage\",\"@id\":\"https:\/\/ladiesbeachsuitotel.com\/tr\/hakkimizda\/\",\"url\":\"https:\/\/ladiesbeachsuitotel.com\/tr\/hakkimizda\/\",\"name\":\"Hakk\u0131m\u0131zda - Ladies Beach Suit Otel\",\"isPartOf\":{\"@id\":\"https:\/\/ladiesbeachsuitotel.com\/tr\/#website\"},\"datePublished\":\"2024-07-25T15:13:44+00:00\",\"dateModified\":\"2024-07-30T08:46:31+00:00\",\"description\":\"S\u0131rad\u0131\u015f\u0131 360 derece panoramik mimarimiz, denizle kucaklasan e\u015fsiz manzaral\u0131 farkl\u0131 tasar\u0131mdaki odalar\u0131m\u0131z, b\u00fcnyemizdeki\u00fccretli \u00f6zel plaj\u0131m\u0131z,\",\"breadcrumb\":{\"@id\":\"https:\/\/ladiesbeachsuitotel.com\/tr\/hakkimizda\/#breadcrumb\"},\"inLanguage\":\"es\",\"potentialAction\":[{\"@type\":\"ReadAction\",\"target\":[\"https:\/\/ladiesbeachsuitotel.com\/tr\/hakkimizda\/\"]}]},{\"@type\":\"BreadcrumbList\",\"@id\":\"https:\/\/ladiesbeachsuitotel.com\/tr\/hakkimizda\/#breadcrumb\",\"itemListElement\":[{\"@type\":\"ListItem\",\"position\":1,\"name\":\"Home\",\"item\":\"https:\/\/ladiesbeachsuitotel.com\/tr\/\"},{\"@type\":\"ListItem\",\"position\":2,\"name\":\"Hakk\u0131m\u0131zda\"}]},{\"@type\":\"WebSite\",\"@id\":\"https:\/\/ladiesbeachsuitotel.com\/tr\/#website\",\"url\":\"https:\/\/ladiesbeachsuitotel.com\/tr\/\",\"name\":\"Ladies Beach Suit Otel\",\"description\":\"Ladies Beach Suit Otel Ku\u015fadas\u0131\",\"publisher\":{\"@id\":\"https:\/\/ladiesbeachsuitotel.com\/tr\/#organization\"},\"potentialAction\":[{\"@type\":\"SearchAction\",\"target\":{\"@type\":\"EntryPoint\",\"urlTemplate\":\"https:\/\/ladiesbeachsuitotel.com\/tr\/?s={search_term_string}\"},\"query-input\":\"required name=search_term_string\"}],\"inLanguage\":\"es\"},{\"@type\":\"Organization\",\"@id\":\"https:\/\/ladiesbeachsuitotel.com\/tr\/#organization\",\"name\":\"Ladies Beach Suit Otel\",\"url\":\"https:\/\/ladiesbeachsuitotel.com\/tr\/\",\"logo\":{\"@type\":\"ImageObject\",\"inLanguage\":\"es\",\"@id\":\"https:\/\/ladiesbeachsuitotel.com\/tr\/#\/schema\/logo\/image\/\",\"url\":\"https:\/\/ladiesbeachsuitotel.com\/wp-content\/uploads\/2024\/07\/2.png\",\"contentUrl\":\"https:\/\/ladiesbeachsuitotel.com\/wp-content\/uploads\/2024\/07\/2.png\",\"width\":1080,\"height\":1080,\"caption\":\"Ladies Beach Suit Otel\"},\"image\":{\"@id\":\"https:\/\/ladiesbeachsuitotel.com\/tr\/#\/schema\/logo\/image\/\"},\"sameAs\":[\"https:\/\/www.instagram.com\/ladiesbeachsuitotels\/\"]}]}<\/script>\n<!-- \/ Yoast SEO Premium plugin. -->","yoast_head_json":{"title":"Hakk\u0131m\u0131zda - Ladies Beach Suit Otel","description":"S\u0131rad\u0131\u015f\u0131 360 derece panoramik mimarimiz, denizle kucaklasan e\u015fsiz manzaral\u0131 farkl\u0131 tasar\u0131mdaki odalar\u0131m\u0131z, b\u00fcnyemizdeki\u00fccretli \u00f6zel plaj\u0131m\u0131z,","robots":{"index":"index","follow":"follow","max-snippet":"max-snippet:-1","max-image-preview":"max-image-preview:large","max-video-preview":"max-video-preview:-1"},"canonical":"https:\/\/ladiesbeachsuitotel.com\/es\/hakkimizda\/","og_locale":"es_ES","og_type":"article","og_title":"Hakk\u0131m\u0131zda","og_description":"S\u0131rad\u0131\u015f\u0131 360 derece panoramik mimarimiz, denizle kucaklasan e\u015fsiz manzaral\u0131 farkl\u0131 tasar\u0131mdaki odalar\u0131m\u0131z, b\u00fcnyemizdeki\u00fccretli \u00f6zel plaj\u0131m\u0131z,","og_url":"https:\/\/ladiesbeachsuitotel.com\/es\/hakkimizda\/","og_site_name":"Ladies Beach Suit Otel","article_publisher":"https:\/\/www.instagram.com\/ladiesbeachsuitotels\/","article_modified_time":"2024-07-30T08:46:31+00:00","twitter_card":"summary_large_image","twitter_misc":{"Tiempo de lectura":"1 minuto"},"schema":{"@context":"https:\/\/schema.org","@graph":[{"@type":"WebPage","@id":"https:\/\/ladiesbeachsuitotel.com\/tr\/hakkimizda\/","url":"https:\/\/ladiesbeachsuitotel.com\/tr\/hakkimizda\/","name":"Hakk\u0131m\u0131zda - Ladies Beach Suit Otel","isPartOf":{"@id":"https:\/\/ladiesbeachsuitotel.com\/tr\/#website"},"datePublished":"2024-07-25T15:13:44+00:00","dateModified":"2024-07-30T08:46:31+00:00","description":"S\u0131rad\u0131\u015f\u0131 360 derece panoramik mimarimiz, denizle kucaklasan e\u015fsiz manzaral\u0131 farkl\u0131 tasar\u0131mdaki odalar\u0131m\u0131z, b\u00fcnyemizdeki\u00fccretli \u00f6zel plaj\u0131m\u0131z,","breadcrumb":{"@id":"https:\/\/ladiesbeachsuitotel.com\/tr\/hakkimizda\/#breadcrumb"},"inLanguage":"es","potentialAction":[{"@type":"ReadAction","target":["https:\/\/ladiesbeachsuitotel.com\/tr\/hakkimizda\/"]}]},{"@type":"BreadcrumbList","@id":"https:\/\/ladiesbeachsuitotel.com\/tr\/hakkimizda\/#breadcrumb","itemListElement":[{"@type":"ListItem","position":1,"name":"Home","item":"https:\/\/ladiesbeachsuitotel.com\/tr\/"},{"@type":"ListItem","position":2,"name":"Hakk\u0131m\u0131zda"}]},{"@type":"WebSite","@id":"https:\/\/ladiesbeachsuitotel.com\/tr\/#website","url":"https:\/\/ladiesbeachsuitotel.com\/tr\/","name":"Hotel Ladies Beach Suite","description":"Ladies Beach Suite Hotel Kusadasi","publisher":{"@id":"https:\/\/ladiesbeachsuitotel.com\/tr\/#organization"},"potentialAction":[{"@type":"SearchAction","target":{"@type":"EntryPoint","urlTemplate":"https:\/\/ladiesbeachsuitotel.com\/tr\/?s={search_term_string}"},"query-input":"required name=search_term_string"}],"inLanguage":"es"},{"@type":"Organization","@id":"https:\/\/ladiesbeachsuitotel.com\/tr\/#organization","name":"Hotel Ladies Beach Suite","url":"https:\/\/ladiesbeachsuitotel.com\/tr\/","logo":{"@type":"ImageObject","inLanguage":"es","@id":"https:\/\/ladiesbeachsuitotel.com\/tr\/#\/schema\/logo\/image\/","url":"https:\/\/ladiesbeachsuitotel.com\/wp-content\/uploads\/2024\/07\/2.png","contentUrl":"https:\/\/ladiesbeachsuitotel.com\/wp-content\/uploads\/2024\/07\/2.png","width":1080,"height":1080,"caption":"Ladies Beach Suit Otel"},"image":{"@id":"https:\/\/ladiesbeachsuitotel.com\/tr\/#\/schema\/logo\/image\/"},"sameAs":["https:\/\/www.instagram.com\/ladiesbeachsuitotels\/"]}]}},"_links":{"self":[{"href":"https:\/\/ladiesbeachsuitotel.com\/es\/wp-json\/wp\/v2\/pages\/2","targetHints":{"allow":["GET"]}}],"collection":[{"href":"https:\/\/ladiesbeachsuitotel.com\/es\/wp-json\/wp\/v2\/pages"}],"about":[{"href":"https:\/\/ladiesbeachsuitotel.com\/es\/wp-json\/wp\/v2\/types\/page"}],"author":[{"embeddable":true,"href":"https:\/\/ladiesbeachsuitotel.com\/es\/wp-json\/wp\/v2\/users\/1"}],"replies":[{"embeddable":true,"href":"https:\/\/ladiesbeachsuitotel.com\/es\/wp-json\/wp\/v2\/comments?post=2"}],"version-history":[{"count":0,"href":"https:\/\/ladiesbeachsuitotel.com\/es\/wp-json\/wp\/v2\/pages\/2\/revisions"}],"wp:attachment":[{"href":"https:\/\/ladiesbeachsuitotel.com\/es\/wp-json\/wp\/v2\/media?parent=2"}],"curies":[{"name":"gracias","href":"https:\/\/api.w.org\/{rel}","templated":true}]}}