{"id":3,"date":"2024-07-25T18:13:44","date_gmt":"2024-07-25T15:13:44","guid":{"rendered":"https:\/\/ladiesbeachsuitotel.com\/?page_id=3"},"modified":"2024-07-27T15:41:15","modified_gmt":"2024-07-27T12:41:15","slug":"rezervasyon-konaklama-mesafeli-satis-sozlesmesi","status":"publish","type":"page","link":"https:\/\/ladiesbeachsuitotel.com\/es\/rezervasyon-konaklama-mesafeli-satis-sozlesmesi\/","title":{"rendered":"Acuerdo de venta a distancia"},"content":{"rendered":"<section class=\"wpb-content-wrapper\"><div class=\"vc_row wpb_row vc_row-fluid\"><div class=\"wpb_column vc_column_container vc_col-sm-12\"><div class=\"vc_column-inner\"><div class=\"wpb_wrapper\">\n\t<div class=\"wpb_text_column wpb_content_element\" >\n\t\t<div class=\"wpb_wrapper\">\n\t\t\t<p>&nbsp;<\/p>\n<div class=\"container\">\n<div class=\"entry\">\n<div class=\"row\">\n<div class=\"col-md-12\">\n<div class=\"section-title\">\n<h4 class=\"text-uppercase\">RESERVA ALOJAMIENTO DISTANCIA CONTRATO DE VENTA<\/h4>\n<\/div>\n<div class=\"info-branding\">\n<p><strong>HOTEL SUITE DE PLAYA PARA MUJERES<\/strong><\/p>\n<p>Konak Aytar Construcci\u00f3n. Contratistas. Turismo. Alquitr\u00e1n. Automotriz. Importaci\u00f3n. Exportaci\u00f3n. Industria y Comercio Inc.<\/p>\n<p><strong>DIRECCI\u00d3N:\u00a0<\/strong>Barrio del Mar de Mujeres, Calle del Mar de Mujeres, No: 66\/24, Ku\u015fadas\u0131 \/ Ayd\u0131n<\/p>\n<p><strong>Tel\u00e9fono:\u00a0<\/strong>0256 6141000<\/p>\n<p><strong>Correo electr\u00f3nico:<\/strong>\u00a0info@ladiesbeachsuitotel.com<\/p>\n<p><strong>ART\u00cdCULO 1 \u2013 PARTES:<\/strong><\/p>\n<p>Este acuerdo (el &quot;Acuerdo&quot;) se firma entre Konak Aytar Construction. Contracting. Tour. Tar. Auto. Import. Import. Industry and Trade Inc. (en adelante, &quot;LADIES BEACH SUIT OTEL&quot; u &quot;Hotel&quot;), ubicado en Kad\u0131nlar Denizi Mah. Kad\u0131nlar Denizi Cad. No:66\/24 Ku\u015fadas\u0131 \/ Ayd\u0131n, por una parte, y el cliente (en adelante, el &quot;Cliente&quot;), quien realiz\u00f3 una reserva a trav\u00e9s del sistema y acept\u00f3 los siguientes t\u00e9rminos y condiciones por adelantado al ingresar y confirmar toda su informaci\u00f3n personal, y cuyo n\u00famero de IP de computadora, nombre, ciudad de residencia, n\u00famero de tel\u00e9fono y direcci\u00f3n de correo electr\u00f3nico se incluyen en el formulario de reserva, por otra parte, de acuerdo con los t\u00e9rminos y condiciones que se detallan a continuaci\u00f3n.<\/p>\n<p><strong>ART\u00cdCULO 2 - OBJETO:<\/strong><\/p>\n<p>El presente contrato incluye la reserva del Cliente para la compra de productos\/servicios a trav\u00e9s del hotel en las condiciones que se explican a continuaci\u00f3n.<\/p>\n<p><strong>ART\u00cdCULO 3 - PRECIO DEL CONTRATO Y PAGO:<\/strong><\/p>\n<p>3.1. El IVA est\u00e1 incluido en el precio del contrato.<\/p>\n<p>3.2. Los precios de alojamiento por noche y otros extras se determinan en el sistema y el pago puede realizarse en la moneda preferida; estos precios incluyen impuestos.<\/p>\n<p>3.3. El precio del contrato incluye todos los servicios especificados en la reserva. Los servicios no especificados y los productos y servicios adicionales adquiridos en el hotel est\u00e1n sujetos a cargos adicionales. Estos extras se abonan al realizar el check-out.<\/p>\n<p>3.4. Los clientes que adquieran un producto con descuento o promoci\u00f3n deber\u00e1n abonar el importe total del servicio al realizar la reserva. La reserva no se considerar\u00e1 definitiva hasta que se haya realizado el pago completo.<\/p>\n<p>3.5 Los clientes que reserven desde el extranjero a trav\u00e9s de www.ladiesbeachsuitotel.com abonar\u00e1n sus reservas en moneda extranjera. Las facturas se emiten en liras turcas (TL) seg\u00fan el tipo de cambio del Banco Central de Turqu\u00eda vigente el d\u00eda de salida, tras la estancia.<\/p>\n<p>3.6. Para las reservas realizadas a trav\u00e9s de www.ladiesbeachsuitotel.com, la confirmaci\u00f3n y el env\u00edo de la factura se realizan a trav\u00e9s del departamento de Reservas de LADIES BEACH SUIT OTEL, de la siguiente manera:<\/p>\n<p>3.8. En caso de aumento del precio del contrato, no se le reclamar\u00e1 al cliente la diferencia ni se le reembolsar\u00e1n los descuentos aplicados por el establecimiento.<\/p>\n<p>3.9. En caso de reembolso, el pago se realizar\u00e1 a la tarjeta de cr\u00e9dito utilizada para la reserva o a la cuenta bancaria del cliente en un plazo de 30 d\u00edas.<\/p>\n<p><strong>ART\u00cdCULO 4 \u2013 IMPLEMENTACI\u00d3N:<\/strong><\/p>\n<p>4.1. Est\u00e1 prohibido introducir en las instalaciones cualquier objeto que huela mal, tenga fugas, sea inflamable o explosivo, o que cause molestias al entorno, as\u00ed como objetos cortantes, punzantes y armas de fuego, salvo autorizaci\u00f3n escrita del gerente del hotel.<\/p>\n<p>4.2. Las normas e informaci\u00f3n, incluyendo los horarios de entrada y salida del hotel, se publican en las p\u00e1ginas de detalles de las habitaciones del sitio web.<\/p>\n<p>4 3. El cliente acepta de antemano que es responsable de cualquier da\u00f1o causado a las instalaciones del hotel o a las instalaciones de las zonas comunes durante su estancia y de la reparaci\u00f3n de dichos da\u00f1os.<\/p>\n<p>4.4. El Cliente es consciente de que solo se permite fumar en habitaciones con balc\u00f3n y que est\u00e1 prohibido fumar en habitaciones sin balc\u00f3n, y acepta de antemano que ser\u00e1 responsable de indemnizar cualquier da\u00f1o que pudiera producirse.<\/p>\n<p><strong>ART\u00cdCULO 5 \u2013 DURACI\u00d3N DEL ALOJAMIENTO Y CONDICIONES DE CANCELACI\u00d3N\/REEMBOLSO\/CAMBIO<\/strong><\/p>\n<p>5.1. El cliente se alojar\u00e1 entre las fechas de la reserva. Si desea prolongar su estancia, deber\u00e1 solicitarla al hotel como m\u00ednimo un d\u00eda antes de la fecha de salida. Si el hotel dispone de habitaciones, podr\u00e1 prolongarla tras el pago a la tarifa vigente. De lo contrario, el cliente se compromete a salir del hotel antes de las 12:00 h del d\u00eda de su reserva.<\/p>\n<p>5.2 LADIES BEACH SUIT OTEL podr\u00e1 modificar o cancelar, total o parcialmente, una reserva antes o durante el servicio por causas no imputables al cliente. El cliente podr\u00e1 aceptar estos cambios o un servicio alternativo ofrecido por LADIES BEACH SUIT OTEL. Si no acepta los cambios, tendr\u00e1 derecho a cancelar la reserva y recibir el reembolso completo de la tarifa contractual.<\/p>\n<p>5.3. Si el Cliente solicita una cancelaci\u00f3n hasta 2 d\u00edas antes de la fecha de llegada al hotel, la cancelaci\u00f3n ser\u00e1 gratuita. Las reservas no notificadas a tiempo tendr\u00e1n un cargo equivalente a una noche de alojamiento. El Cliente reconoce que no se reembolsar\u00e1 el cargo por las reservas no reembolsables y que, en tales casos, su solicitud de cancelaci\u00f3n no ser\u00e1 v\u00e1lida.<\/p>\n<p>5.4. En caso de que un cliente solicite un cambio de servicio, y siempre que este sea aprobado por Ladies Beach Suite Hotel, si existe una diferencia de precio entre el servicio recibido previamente y el nuevo servicio solicitado, el cliente deber\u00e1 abonar la diferencia al Ladies Beach Suite Hotel inmediatamente despu\u00e9s de aceptar la solicitud de cambio.<\/p>\n<p>5.5. Si el cliente o un familiar directo sufre una enfermedad de 10 d\u00edas que le impida realizar sus actividades habituales durante la estancia, documentada mediante un informe oficial de un Hospital Estatal, o en caso de fallecimiento, se aceptar\u00e1 la solicitud de cancelaci\u00f3n de la reserva y se le reembolsar\u00e1 el importe abonado, excluyendo impuestos, aranceles y obligaciones legales similares, as\u00ed como las cantidades no reembolsables pagadas a terceros que puedan documentarse. En este caso, el informe y la documentaci\u00f3n deber\u00e1n presentarse antes del inicio del servicio. Si el cliente no notifica por escrito que participar\u00e1 en el servicio de alojamiento que no disfrut\u00f3, LADIES BEACH SUIT OTEL se reserva el derecho de cancelar todas las reservas y servicios realizados en su nombre en un plazo de 24 horas. No se realizar\u00e1 ning\u00fan reembolso al cliente por dichas cancelaciones.<\/p>\n<p><strong>ART\u00cdCULO 6 - FUERZA MAYOR:<\/strong><\/p>\n<p>6.1. El Hotel no se responsabiliza por ninguna deficiencia o imposibilidad de prestaci\u00f3n del servicio debido a causas como desastres naturales, eventos sociales, relaciones internacionales, fallos t\u00e9cnicos, huelgas y protestas que puedan ocurrir antes, durante o entre las fechas de reserva del Hotel especificadas en este contrato.<\/p>\n<p><strong>ART\u00cdCULO 7 OTRAS DISPOSICIONES:<\/strong><\/p>\n<p>7.1 Este acuerdo se refiere exclusivamente a reservas de hotel. El establecimiento cumple con sus obligaciones contractuales al recibir la solicitud de reserva del cliente, firmar este acuerdo y, posteriormente, ejecutar y confirmar la reserva. En caso de cualquier problema con el hotel, el cliente se compromete a contactar \u00fanicamente con el operador del alojamiento para cualquier cambio o deficiencia que pueda surgir durante la estancia.<\/p>\n<p>7.2. Si el cliente se queja de cualquier situaci\u00f3n durante su estancia, se compromete a no exigir ninguna compensaci\u00f3n ni reembolso si utiliza el servicio parcialmente o en su totalidad.<\/p>\n<p>7.3 Es responsabilidad del cliente notificar de buena fe al representante de servicio autorizado cualquier queja que pueda tener durante el servicio. Si el cliente utiliza el servicio al m\u00e1ximo sin notificar al representante de servicio al cliente sobre cualquier queja que pueda tener, perder\u00e1 su derecho a obtener un servicio de reemplazo o un reembolso.<\/p>\n<p>7.4. El Cliente reconoce haber le\u00eddo y aceptado este acuerdo electr\u00f3nicamente tras obtener toda la informaci\u00f3n sobre el hotel en el sitio web (www.ladiesbeachsuitotel.com) y por tel\u00e9fono. La informaci\u00f3n proporcionada servir\u00e1 de base para cualquier reclamaci\u00f3n derivada de deficiencias en el servicio o productos defectuosos recibidos en el hotel.<\/p>\n<p>7.5. Incluso si el Cliente no puede firmar este contrato de reserva de hotel por cualquier motivo, se considerar\u00e1 que ha le\u00eddo los t\u00e9rminos del mismo a trav\u00e9s del sitio web, los anuncios o el correo electr\u00f3nico enviado a la direcci\u00f3n que haya especificado y que los ha aceptado.<\/p>\n<p>7.6. En caso de discrepancia entre la copia del contrato en poder del cliente y la del hotel, prevalecer\u00e1n los registros de la copia en poder del hotel. Todos los correos electr\u00f3nicos y faxes entre las partes se considerar\u00e1n prueba concluyente, y los registros de la empresa servir\u00e1n de base. Las partes acuerdan que las direcciones y n\u00fameros de tel\u00e9fono que han proporcionado son sus direcciones y n\u00fameros de tel\u00e9fono designados para toda comunicaci\u00f3n y notificaci\u00f3n. Reconocen que, salvo notificaci\u00f3n por escrito a la otra parte sobre cualquier cambio en estas direcciones y n\u00fameros de tel\u00e9fono, todas las notificaciones enviadas a las direcciones y n\u00fameros de tel\u00e9fono designados se dirigir\u00e1n a ellas.<\/p>\n<p>7.7. Si el cliente lo desea, puede contratar un seguro antes del inicio del servicio de alojamiento, que cubra los gastos de regreso al punto de partida en caso de accidente o enfermedad, as\u00ed como cualquier da\u00f1o o tratamiento derivado de dicho accidente.<\/p>\n<p>7.8. Se realizar\u00e1n comprobaciones de identidad y edad al entrar en las instalaciones. Cualquier discrepancia derivada de declaraciones incorrectas o incompletas ser\u00e1 facturada por el hotel al momento del check-in. (Todos los hu\u00e9spedes mayores de 11 a\u00f1os se consideran adultos).<\/p>\n<p>7.9. En caso de aumento de precio para el periodo de reserva anticipada o para todos los periodos (salvo errores del sistema), no se solicitar\u00e1 al cliente la diferencia ni se reembolsar\u00e1n los descuentos solicitados por el establecimiento.<\/p>\n<p><strong>ART\u00cdCULO 8: PROTECCI\u00d3N DE DATOS PERSONALES:<\/strong><\/p>\n<p>8.1. Informaci\u00f3n como el nombre, apellidos, correo electr\u00f3nico, sexo, ciudad de residencia, datos financieros, direcci\u00f3n IP, etc. del Cliente, que pueden definirse como datos personales en el \u00e1mbito de la Ley de Protecci\u00f3n de Datos Personales N.\u00ba 6698;<\/p>\n<p>Podr\u00e1n ser tratados, almacenados en archivos escritos\/magn\u00e9ticos, utilizados, actualizados, compartidos, transferidos y procesados de otras formas por el Hotel, sus afiliados y terceros y\/u organizaciones con el fin de proporcionar productos y servicios, mejorar productos y servicios, resolver problemas del sistema, realizar transacciones de pago, actualizar la informaci\u00f3n del cliente y gestionar y mantener el alojamiento\/reservas, con el fin de cumplir el contrato de venta a distancia y otros acuerdos establecidos entre el Hotel y el Cliente y para asegurar que terceros realicen funciones t\u00e9cnicas y otras similares en nombre del Hotel.<\/p>\n<p>8.2. Las medidas necesarias para garantizar la seguridad de la informaci\u00f3n y las transacciones realizadas por el Cliente en el Sitio Web se han implementado dentro de la infraestructura del sistema del Hotel, seg\u00fan la naturaleza de la informaci\u00f3n y las transacciones, en la medida de lo posible. Sin embargo, dado que la informaci\u00f3n en cuesti\u00f3n se introduce desde dispositivos propiedad del Cliente, este es responsable de tomar las precauciones necesarias, incluyendo las medidas contra virus y aplicaciones maliciosas similares, para protegerla y evitar el acceso no autorizado.<\/p>\n<p>8.3. El Hotel podr\u00e1 contactar al Cliente a trav\u00e9s de los canales de comunicaci\u00f3n especificados y solicitar la interrupci\u00f3n del uso, procesamiento o comunicaci\u00f3n de datos en cualquier momento. Tras la notificaci\u00f3n expresa del Cliente, se interrumpir\u00e1 el procesamiento o la comunicaci\u00f3n de datos personales dentro del plazo legalmente exigido o posible. Asimismo, si el Cliente as\u00ed lo solicita, su informaci\u00f3n, salvo la que legalmente se requiera o sea posible conservar, ser\u00e1 eliminada del sistema de registro de datos o anonimizada de forma que impida su identificaci\u00f3n. El Cliente podr\u00e1, previa solicitud, contactar al Hotel en cualquier momento y recibir informaci\u00f3n sobre el procesamiento de sus datos personales, las partes a quienes se transfieren, la correcci\u00f3n de datos incompletos o inexactos, la notificaci\u00f3n de la informaci\u00f3n corregida a terceros pertinentes, la eliminaci\u00f3n o destrucci\u00f3n de datos, la oposici\u00f3n a cualquier resultado adverso derivado del an\u00e1lisis por sistemas automatizados y la indemnizaci\u00f3n por da\u00f1os y perjuicios ocasionados por el procesamiento il\u00edcito de datos. Estas solicitudes ser\u00e1n revisadas y se contactar\u00e1 al Cliente dentro de los plazos legalmente estipulados.<\/p>\n<p><strong>ART\u00cdCULO 9 \u2013 RESOLUCI\u00d3N DE CONTROVERSIAS:\u00a0<\/strong><\/p>\n<p>En la ejecuci\u00f3n del presente Acuerdo de Venta a Distancia, las Comisiones Arbitrales de Consumo y los Tribunales de Consumo del lugar donde el Comprador adquiri\u00f3 los Bienes o Servicios y donde este reside est\u00e1n autorizados, hasta el valor declarado por el Ministerio de Comercio. Las comisiones arbitrales de consumo distritales o provinciales est\u00e1n autorizadas a conocer las reclamaciones de los consumidores de conformidad con los l\u00edmites m\u00ednimo y m\u00e1ximo establecidos en el art\u00edculo 68, p\u00e1rrafo 1, de la Ley n.\u00ba 6502 de Protecci\u00f3n al Consumidor.<\/p>\n<p><strong>ART\u00cdCULO 10 \u2013 EJECUCI\u00d3N:<\/strong><\/p>\n<p>El presente Acuerdo, compuesto por 10 (diez) art\u00edculos, ha sido concluido y entrado en vigor al ser le\u00eddo por las Partes y aprobado electr\u00f3nicamente por el Cliente en la fecha de reserva\/pago.<\/p>\n<\/div>\n<\/div>\n<\/div>\n<\/div>\n<\/div>\n\n\t\t<\/div>\n\t<\/div>\n<\/div><\/div><\/div><\/div>\n<\/section>","protected":false},"excerpt":{"rendered":"&nbsp; REZERVASYON KONAKLAMA MESAFEL\u0130 SATI\u015e S\u00d6ZLE\u015eMES\u0130 LADIES BEACH SUIT OTEL Konak Aytar \u0130n\u015f. Taah. Tur. Tar. Oto.\u0130th. \u0130hr. San. Ve Tic. A.\u015e Adres:\u00a0Kad\u0131nlar Denizi Mah. Kad\u0131nlar Denizi Cad. No:66\/24 Ku\u015fadas\u0131 \/ Ayd\u0131n Telefon:\u00a00256 6141000 E-posta:\u00a0info@ladiesbeachsuitotel.com MADDE 1 \u2013 TARAFLAR: \u0130\u015fbu s\u00f6zle\u015fme (\u201cS\u00f6zle\u015fme\u201d) bir tarafta Kad\u0131nlar Denizi Mah. Kad\u0131nlar Denizi Cad. No:66\/24 Ku\u015fadas\u0131 \/ Ayd\u0131n adresinde [...]","protected":false},"author":1,"featured_media":0,"parent":0,"menu_order":0,"comment_status":"closed","ping_status":"open","template":"","meta":{"footnotes":""},"class_list":["post-3","page","type-page","status-publish","hentry"],"yoast_head":"<!-- This site is optimized with the Yoast SEO Premium plugin v23.1 (Yoast SEO v23.1) - https:\/\/yoast.com\/wordpress\/plugins\/seo\/ -->\n<title>Mesafeli Sat\u0131\u015f S\u00f6zle\u015fmesi - Ladies Beach Suit Otel<\/title>\n<meta name=\"robots\" content=\"index, follow, max-snippet:-1, max-image-preview:large, max-video-preview:-1\" \/>\n<link rel=\"canonical\" href=\"https:\/\/ladiesbeachsuitotel.com\/es\/rezervasyon-konaklama-mesafeli-satis-sozlesmesi\/\" \/>\n<meta property=\"og:locale\" content=\"es_ES\" \/>\n<meta property=\"og:type\" content=\"article\" \/>\n<meta property=\"og:title\" content=\"Mesafeli Sat\u0131\u015f S\u00f6zle\u015fmesi\" \/>\n<meta property=\"og:url\" content=\"https:\/\/ladiesbeachsuitotel.com\/es\/rezervasyon-konaklama-mesafeli-satis-sozlesmesi\/\" \/>\n<meta property=\"og:site_name\" content=\"Ladies Beach Suit Otel\" \/>\n<meta property=\"article:publisher\" content=\"https:\/\/www.instagram.com\/ladiesbeachsuitotels\/\" \/>\n<meta property=\"article:modified_time\" content=\"2024-07-27T12:41:15+00:00\" \/>\n<meta name=\"twitter:card\" content=\"summary_large_image\" \/>\n<meta name=\"twitter:label1\" content=\"Tiempo de lectura\" \/>\n\t<meta name=\"twitter:data1\" content=\"11 minutos\" \/>\n<script type=\"application\/ld+json\" class=\"yoast-schema-graph\">{\"@context\":\"https:\/\/schema.org\",\"@graph\":[{\"@type\":\"WebPage\",\"@id\":\"https:\/\/ladiesbeachsuitotel.com\/tr\/rezervasyon-konaklama-mesafeli-satis-sozlesmesi\/\",\"url\":\"https:\/\/ladiesbeachsuitotel.com\/tr\/rezervasyon-konaklama-mesafeli-satis-sozlesmesi\/\",\"name\":\"Mesafeli Sat\u0131\u015f S\u00f6zle\u015fmesi - Ladies Beach Suit Otel\",\"isPartOf\":{\"@id\":\"https:\/\/ladiesbeachsuitotel.com\/tr\/#website\"},\"datePublished\":\"2024-07-25T15:13:44+00:00\",\"dateModified\":\"2024-07-27T12:41:15+00:00\",\"breadcrumb\":{\"@id\":\"https:\/\/ladiesbeachsuitotel.com\/tr\/rezervasyon-konaklama-mesafeli-satis-sozlesmesi\/#breadcrumb\"},\"inLanguage\":\"es\",\"potentialAction\":[{\"@type\":\"ReadAction\",\"target\":[\"https:\/\/ladiesbeachsuitotel.com\/tr\/rezervasyon-konaklama-mesafeli-satis-sozlesmesi\/\"]}]},{\"@type\":\"BreadcrumbList\",\"@id\":\"https:\/\/ladiesbeachsuitotel.com\/tr\/rezervasyon-konaklama-mesafeli-satis-sozlesmesi\/#breadcrumb\",\"itemListElement\":[{\"@type\":\"ListItem\",\"position\":1,\"name\":\"Home\",\"item\":\"https:\/\/ladiesbeachsuitotel.com\/tr\/\"},{\"@type\":\"ListItem\",\"position\":2,\"name\":\"Mesafeli Sat\u0131\u015f S\u00f6zle\u015fmesi\"}]},{\"@type\":\"WebSite\",\"@id\":\"https:\/\/ladiesbeachsuitotel.com\/tr\/#website\",\"url\":\"https:\/\/ladiesbeachsuitotel.com\/tr\/\",\"name\":\"Ladies Beach Suit Otel\",\"description\":\"Ladies Beach Suit Otel Ku\u015fadas\u0131\",\"publisher\":{\"@id\":\"https:\/\/ladiesbeachsuitotel.com\/tr\/#organization\"},\"potentialAction\":[{\"@type\":\"SearchAction\",\"target\":{\"@type\":\"EntryPoint\",\"urlTemplate\":\"https:\/\/ladiesbeachsuitotel.com\/tr\/?s={search_term_string}\"},\"query-input\":\"required name=search_term_string\"}],\"inLanguage\":\"es\"},{\"@type\":\"Organization\",\"@id\":\"https:\/\/ladiesbeachsuitotel.com\/tr\/#organization\",\"name\":\"Ladies Beach Suit Otel\",\"url\":\"https:\/\/ladiesbeachsuitotel.com\/tr\/\",\"logo\":{\"@type\":\"ImageObject\",\"inLanguage\":\"es\",\"@id\":\"https:\/\/ladiesbeachsuitotel.com\/tr\/#\/schema\/logo\/image\/\",\"url\":\"https:\/\/ladiesbeachsuitotel.com\/wp-content\/uploads\/2024\/07\/2.png\",\"contentUrl\":\"https:\/\/ladiesbeachsuitotel.com\/wp-content\/uploads\/2024\/07\/2.png\",\"width\":1080,\"height\":1080,\"caption\":\"Ladies Beach Suit Otel\"},\"image\":{\"@id\":\"https:\/\/ladiesbeachsuitotel.com\/tr\/#\/schema\/logo\/image\/\"},\"sameAs\":[\"https:\/\/www.instagram.com\/ladiesbeachsuitotels\/\"]}]}<\/script>\n<!-- \/ Yoast SEO Premium plugin. -->","yoast_head_json":{"title":"Mesafeli Sat\u0131\u015f S\u00f6zle\u015fmesi - Ladies Beach Suit Otel","robots":{"index":"index","follow":"follow","max-snippet":"max-snippet:-1","max-image-preview":"max-image-preview:large","max-video-preview":"max-video-preview:-1"},"canonical":"https:\/\/ladiesbeachsuitotel.com\/es\/rezervasyon-konaklama-mesafeli-satis-sozlesmesi\/","og_locale":"es_ES","og_type":"article","og_title":"Mesafeli Sat\u0131\u015f S\u00f6zle\u015fmesi","og_url":"https:\/\/ladiesbeachsuitotel.com\/es\/rezervasyon-konaklama-mesafeli-satis-sozlesmesi\/","og_site_name":"Ladies Beach Suit Otel","article_publisher":"https:\/\/www.instagram.com\/ladiesbeachsuitotels\/","article_modified_time":"2024-07-27T12:41:15+00:00","twitter_card":"summary_large_image","twitter_misc":{"Tiempo de lectura":"11 minutos"},"schema":{"@context":"https:\/\/schema.org","@graph":[{"@type":"WebPage","@id":"https:\/\/ladiesbeachsuitotel.com\/tr\/rezervasyon-konaklama-mesafeli-satis-sozlesmesi\/","url":"https:\/\/ladiesbeachsuitotel.com\/tr\/rezervasyon-konaklama-mesafeli-satis-sozlesmesi\/","name":"Mesafeli Sat\u0131\u015f S\u00f6zle\u015fmesi - Ladies Beach Suit Otel","isPartOf":{"@id":"https:\/\/ladiesbeachsuitotel.com\/tr\/#website"},"datePublished":"2024-07-25T15:13:44+00:00","dateModified":"2024-07-27T12:41:15+00:00","breadcrumb":{"@id":"https:\/\/ladiesbeachsuitotel.com\/tr\/rezervasyon-konaklama-mesafeli-satis-sozlesmesi\/#breadcrumb"},"inLanguage":"es","potentialAction":[{"@type":"ReadAction","target":["https:\/\/ladiesbeachsuitotel.com\/tr\/rezervasyon-konaklama-mesafeli-satis-sozlesmesi\/"]}]},{"@type":"BreadcrumbList","@id":"https:\/\/ladiesbeachsuitotel.com\/tr\/rezervasyon-konaklama-mesafeli-satis-sozlesmesi\/#breadcrumb","itemListElement":[{"@type":"ListItem","position":1,"name":"Home","item":"https:\/\/ladiesbeachsuitotel.com\/tr\/"},{"@type":"ListItem","position":2,"name":"Mesafeli Sat\u0131\u015f S\u00f6zle\u015fmesi"}]},{"@type":"WebSite","@id":"https:\/\/ladiesbeachsuitotel.com\/tr\/#website","url":"https:\/\/ladiesbeachsuitotel.com\/tr\/","name":"Hotel Ladies Beach Suite","description":"Ladies Beach Suite Hotel Kusadasi","publisher":{"@id":"https:\/\/ladiesbeachsuitotel.com\/tr\/#organization"},"potentialAction":[{"@type":"SearchAction","target":{"@type":"EntryPoint","urlTemplate":"https:\/\/ladiesbeachsuitotel.com\/tr\/?s={search_term_string}"},"query-input":"required name=search_term_string"}],"inLanguage":"es"},{"@type":"Organization","@id":"https:\/\/ladiesbeachsuitotel.com\/tr\/#organization","name":"Hotel Ladies Beach Suite","url":"https:\/\/ladiesbeachsuitotel.com\/tr\/","logo":{"@type":"ImageObject","inLanguage":"es","@id":"https:\/\/ladiesbeachsuitotel.com\/tr\/#\/schema\/logo\/image\/","url":"https:\/\/ladiesbeachsuitotel.com\/wp-content\/uploads\/2024\/07\/2.png","contentUrl":"https:\/\/ladiesbeachsuitotel.com\/wp-content\/uploads\/2024\/07\/2.png","width":1080,"height":1080,"caption":"Ladies Beach Suit Otel"},"image":{"@id":"https:\/\/ladiesbeachsuitotel.com\/tr\/#\/schema\/logo\/image\/"},"sameAs":["https:\/\/www.instagram.com\/ladiesbeachsuitotels\/"]}]}},"_links":{"self":[{"href":"https:\/\/ladiesbeachsuitotel.com\/es\/wp-json\/wp\/v2\/pages\/3","targetHints":{"allow":["GET"]}}],"collection":[{"href":"https:\/\/ladiesbeachsuitotel.com\/es\/wp-json\/wp\/v2\/pages"}],"about":[{"href":"https:\/\/ladiesbeachsuitotel.com\/es\/wp-json\/wp\/v2\/types\/page"}],"author":[{"embeddable":true,"href":"https:\/\/ladiesbeachsuitotel.com\/es\/wp-json\/wp\/v2\/users\/1"}],"replies":[{"embeddable":true,"href":"https:\/\/ladiesbeachsuitotel.com\/es\/wp-json\/wp\/v2\/comments?post=3"}],"version-history":[{"count":0,"href":"https:\/\/ladiesbeachsuitotel.com\/es\/wp-json\/wp\/v2\/pages\/3\/revisions"}],"wp:attachment":[{"href":"https:\/\/ladiesbeachsuitotel.com\/es\/wp-json\/wp\/v2\/media?parent=3"}],"curies":[{"name":"gracias","href":"https:\/\/api.w.org\/{rel}","templated":true}]}}