{"id":491,"date":"2024-07-27T15:40:55","date_gmt":"2024-07-27T12:40:55","guid":{"rendered":"https:\/\/ladiesbeachsuitotel.com\/?page_id=491"},"modified":"2024-07-27T15:41:05","modified_gmt":"2024-07-27T12:41:05","slug":"kisisel-verileri-koruma-kanunu","status":"publish","type":"page","link":"https:\/\/ladiesbeachsuitotel.com\/es\/kisisel-verileri-koruma-kanunu\/","title":{"rendered":"LEY DE PROTECCI\u00d3N DE DATOS PERSONALES"},"content":{"rendered":"<section class=\"wpb-content-wrapper\"><div class=\"vc_row wpb_row vc_row-fluid\"><div class=\"wpb_column vc_column_container vc_col-sm-12\"><div class=\"vc_column-inner\"><div class=\"wpb_wrapper\">\n\t<div class=\"wpb_text_column wpb_content_element\" >\n\t\t<div class=\"wpb_wrapper\">\n\t\t\t<p><strong>LEY DE PROTECCI\u00d3N DE DATOS PERSONALES<\/strong><\/p>\n<div class=\"container\">\n<div class=\"entry\">\n<div class=\"row\">\n<div class=\"col-md-12\">\n<div class=\"info-branding\">\n<p>Esta informaci\u00f3n se proporciona de conformidad con el art\u00edculo 10 de la \u201cLey de Protecci\u00f3n de Datos Personales\u201d N\u00ba 6698 y por obligaci\u00f3n legal.<\/p>\n<p>En KONAK AYTAR \u0130N\u015eAAT TAAH. TUR. TAR. OTO. \u0130TH. \u0130HR. SAN. VE T\u0130C. A.\u015e (LADIES BEACH SUIT OTEL), damos m\u00e1xima importancia a la seguridad de sus datos personales. Conscientes de ello, otorgamos gran importancia al tratamiento y almacenamiento de todos los datos personales de todas las personas relacionadas con nuestra empresa, incluyendo a quienes se benefician de nuestros productos y servicios, de conformidad con la Ley de Protecci\u00f3n de Datos Personales n.\u00ba 6998 (KVKK). De acuerdo con esta responsabilidad, como \u00abresponsable del tratamiento de datos\u00bb, seg\u00fan se define en el art\u00edculo 3 de la KVKK, tratamos sus datos personales como se describe a continuaci\u00f3n y dentro de los l\u00edmites estipulados por la legislaci\u00f3n.<\/p>\n<p>1- FINALIDADES DEL TRATAMIENTO DE DATOS PERSONALES<\/p>\n<p>Sus datos personales (nombre, apellido, fecha de nacimiento, informaci\u00f3n de identidad y pasaporte, n\u00famero de tel\u00e9fono del trabajo, fijo y m\u00f3vil, direcci\u00f3n de correo electr\u00f3nico, sexo, direcci\u00f3n, profesi\u00f3n, educaci\u00f3n, estado civil, matr\u00edcula del veh\u00edculo, alojamiento, tarjeta de cr\u00e9dito, gastos, informaci\u00f3n de compras, informaci\u00f3n de facturas, preferencias de consumo, etc.) son tratados por nuestra empresa para que las unidades de negocio realicen el trabajo necesario para permitirle beneficiarse de los productos y servicios ofrecidos por nuestra empresa, para proporcionar productos y servicios, para comunicarnos con usted con respecto a los productos y servicios que ha comprado\/comprar\u00e1, para recomendarle productos y servicios personaliz\u00e1ndolos seg\u00fan sus gustos, h\u00e1bitos de uso y necesidades, ofertas de productos\/servicios (para ser utilizadas en actividades de marketing), modelado, informes, puntuaci\u00f3n, ejecuci\u00f3n de las pol\u00edticas de recursos humanos de nuestra empresa, garantizar la seguridad jur\u00eddica y comercial de nuestra empresa y de las personas en contacto con nuestra empresa, determinar e implementar las estrategias comerciales y comerciales de nuestra empresa, para los fines de los estudios de productos actuales o nuevos de nuestra empresa y sus filiales y la identificaci\u00f3n de clientes potenciales, etc., y en relaci\u00f3n con las actividades de turismo, marketing, promoci\u00f3n y publicidad y debido a las obligaciones legales, de conformidad con la condiciones de tratamiento de datos personales especificadas en los art\u00edculos 5 y 6 del KVKK y procesados en el marco de sus fines.<\/p>\n<p>2- PARA QU\u00c9 FINALIDADES Y A QUI\u00c9N SE TRANSFERIR\u00c1N LOS DATOS PERSONALES<\/p>\n<p>Sus datos personales pueden ser transferidos a nuestros socios comerciales, proveedores, accionistas, afiliados, instituciones p\u00fablicas legalmente autorizadas, unidades de seguridad del estado y personas privadas con el fin de llevar a cabo el trabajo necesario por parte de nuestras unidades comerciales para permitirle beneficiarse de los productos y servicios ofrecidos por nuestra empresa, para proporcionar productos y servicios, para comunicarnos con usted con respecto a los productos y servicios que ha comprado\/comprar\u00e1, para personalizar productos y servicios de acuerdo con sus gustos, h\u00e1bitos de uso y necesidades y para recomend\u00e1rselos, para ofrecer productos\/servicios (para ser utilizados en actividades de marketing), para garantizar la seguridad legal y comercial de nuestra empresa y personas en relaci\u00f3n con nuestra empresa, para determinar e implementar las estrategias comerciales y comerciales de nuestra empresa, y a nuestros socios comerciales, proveedores, accionistas, afiliados, instituciones p\u00fablicas legalmente autorizadas, unidades de seguridad del estado y personas privadas, en el marco de las condiciones y fines del procesamiento de datos personales especificados en los art\u00edculos 8 y 9 de la KVKK.<\/p>\n<p>3- M\u00c9TODO Y FUNDAMENTO LEGAL DE LA RECOGIDA DE DATOS PERSONALES<\/p>\n<p>Sus datos personales se recopilan, en cualquier forma, ya sea verbalmente, por escrito o electr\u00f3nicamente, de acuerdo con las finalidades descritas anteriormente, para que nuestra empresa pueda proporcionar productos y servicios dentro del marco legal y cumplir de forma completa y precisa con sus responsabilidades contractuales y legales. Sus datos personales recopilados por este motivo legal podr\u00e1n ser tratados y transferidos para las finalidades especificadas en los art\u00edculos 1 y 2 del presente texto, de conformidad con las condiciones y finalidades del tratamiento de datos personales especificadas en los art\u00edculos 5 y 6 de la Ley de Protecci\u00f3n de Datos Personales.<\/p>\n<p>&nbsp;<\/p>\n<p>4- DERECHOS DEL TITULAR DE LOS DATOS PERSONALES<\/p>\n<p>&nbsp;<\/p>\n<p>Como titular de datos personales;<\/p>\n<p>&nbsp;<\/p>\n<p>Saber si se est\u00e1n procesando datos personales,<\/p>\n<p>&nbsp;<\/p>\n<p>Solicitar informaci\u00f3n respecto al tratamiento de datos personales,<\/p>\n<p>&nbsp;<\/p>\n<p>Para conocer la finalidad del tratamiento de sus datos personales y si los mismos se utilizan conforme a su finalidad,<\/p>\n<p>&nbsp;<\/p>\n<p>Conocer los terceros a quienes se transfieren datos personales, tanto a nivel nacional como del exterior,<\/p>\n<p>&nbsp;<\/p>\n<p>Solicitar la correcci\u00f3n de los datos personales si se han procesado de forma incompleta o incorrecta y solicitar que las medidas adoptadas en este contexto se notifiquen a los terceros a los que se han transferido los datos personales,<\/p>\n<p>&nbsp;<\/p>\n<p>Solicitar la destrucci\u00f3n de los datos personales en caso de que se eliminen los motivos que requieren el procesamiento a pesar de que los datos se procesen de conformidad con las disposiciones de la KVKK y las leyes pertinentes, y solicitar que las medidas adoptadas en este \u00e1mbito se notifiquen a los terceros a quienes se hayan transferido los datos personales,<\/p>\n<p>&nbsp;<\/p>\n<p>Oponerse a la aparici\u00f3n de un resultado en detrimento de la persona mediante el an\u00e1lisis de los datos tratados exclusivamente a trav\u00e9s de sistemas automatizados,<\/p>\n<p>&nbsp;<\/p>\n<p>En caso de da\u00f1os causados por el tratamiento il\u00edcito de datos personales, usted tiene derecho a exigir una indemnizaci\u00f3n por el da\u00f1o.<\/p>\n<p>&nbsp;<\/p>\n<p>De conformidad con el art\u00edculo 13, p\u00e1rrafo 1, de la Ley de Protecci\u00f3n de Datos Personales (KVKK), debe presentar su solicitud para ejercer sus derechos especificados anteriormente a nuestra empresa por escrito o mediante otros m\u00e9todos que determine la Junta de Protecci\u00f3n de Datos Personales. Dado que la Junta de Protecci\u00f3n de Datos Personales no ha determinado ning\u00fan m\u00e9todo espec\u00edfico en esta etapa, debe presentar su solicitud a nuestra empresa por escrito de conformidad con la KVKK. En este contexto, se explican a continuaci\u00f3n los canales y procedimientos para presentar su solicitud por escrito a nuestra empresa, de conformidad con el art\u00edculo 11 de la KVKK.<\/p>\n<p>&nbsp;<\/p>\n<p>Para ejercer sus derechos especificados anteriormente, puede enviar su solicitud, incluyendo informaci\u00f3n que establezca su identidad y explicaciones sobre el derecho que desea ejercer seg\u00fan lo especificado en el Art\u00edculo 11 de la KVKK, completando el Formulario de Solicitud y entregando una copia firmada del formulario en persona, junto con los documentos que establezcan su identidad, a LADIES BEACH SUIT OTEL (KONAK AYTAR \u0130N\u015eAAT TAAH. TUR. TAR. OTO. \u0130TH. \u0130HR. SAN. VE T\u0130C. A.\u015e.) Kad\u0131nlar Denizi Mah. Kad\u0131n Denizi Cad. No:66\/24 Ku\u015fadas\u0131\/AYDIN 09400, o envi\u00e1ndola a trav\u00e9s de un notario p\u00fablico, por correo certificado con acuse de recibo o por otros m\u00e9todos especificados en la KVKK.<\/p>\n<p>&nbsp;<\/p>\n<p>KONAK AYTAR CONTRATISTA DE CONSTRUCCI\u00d3N. TUR. TAR. AUTOM\u00d3VILES. IMPORTACI\u00d3N. EXPORTACI\u00d3N. IND. Y COMERCIO INC.<\/p>\n<p>HOTEL SUITE DE PLAYA PARA MUJERES<\/p>\n<\/div>\n<\/div>\n<\/div>\n<\/div>\n<\/div>\n\n\t\t<\/div>\n\t<\/div>\n<\/div><\/div><\/div><\/div>\n<\/section>","protected":false},"excerpt":{"rendered":"K\u0130\u015e\u0130SEL VER\u0130LER\u0130 KORUMA KANUNU Bu bilgilendirme, 6698 say\u0131l\u0131 \u201cKi\u015fisel Verilerin Korunmas\u0131 Kanunu\u201d 10. maddesi gere\u011fince ve yasal zorunluluk nedeniyle yap\u0131lmaktad\u0131r. KONAK AYTAR \u0130N\u015eAAT TAAH. TUR. TAR. OTO. \u0130TH. \u0130HR. SAN. VE T\u0130C.A.\u015e (LADIES BEACH SUIT OTEL) olarak ki\u015fisel verilerinizin g\u00fcvenli\u011fi hususuna azami hassasiyet g\u00f6stermekteyiz. Bu bilin\u00e7le, \u015firket olarak \u00fcr\u00fcn ve hizmetlerimizden faydalanan ki\u015filer dahil, \u015firketimiz [...]","protected":false},"author":1,"featured_media":0,"parent":0,"menu_order":0,"comment_status":"closed","ping_status":"open","template":"","meta":{"footnotes":""},"class_list":["post-491","page","type-page","status-publish","hentry"],"yoast_head":"<!-- This site is optimized with the Yoast SEO Premium plugin v23.1 (Yoast SEO v23.1) - https:\/\/yoast.com\/wordpress\/plugins\/seo\/ -->\n<title>K\u0130\u015e\u0130SEL VER\u0130LER\u0130 KORUMA KANUNU - Ladies Beach Suit Otel<\/title>\n<meta name=\"robots\" content=\"index, follow, max-snippet:-1, max-image-preview:large, max-video-preview:-1\" \/>\n<link rel=\"canonical\" href=\"https:\/\/ladiesbeachsuitotel.com\/es\/kisisel-verileri-koruma-kanunu\/\" \/>\n<meta property=\"og:locale\" content=\"es_ES\" \/>\n<meta property=\"og:type\" content=\"article\" \/>\n<meta property=\"og:title\" content=\"K\u0130\u015e\u0130SEL VER\u0130LER\u0130 KORUMA KANUNU\" \/>\n<meta property=\"og:url\" content=\"https:\/\/ladiesbeachsuitotel.com\/es\/kisisel-verileri-koruma-kanunu\/\" \/>\n<meta property=\"og:site_name\" content=\"Ladies Beach Suit Otel\" \/>\n<meta property=\"article:publisher\" content=\"https:\/\/www.instagram.com\/ladiesbeachsuitotels\/\" \/>\n<meta property=\"article:modified_time\" content=\"2024-07-27T12:41:05+00:00\" \/>\n<meta name=\"twitter:card\" content=\"summary_large_image\" \/>\n<meta name=\"twitter:label1\" content=\"Tiempo de lectura\" \/>\n\t<meta name=\"twitter:data1\" content=\"5 minutos\" \/>\n<script type=\"application\/ld+json\" class=\"yoast-schema-graph\">{\"@context\":\"https:\/\/schema.org\",\"@graph\":[{\"@type\":\"WebPage\",\"@id\":\"https:\/\/ladiesbeachsuitotel.com\/tr\/kisisel-verileri-koruma-kanunu\/\",\"url\":\"https:\/\/ladiesbeachsuitotel.com\/tr\/kisisel-verileri-koruma-kanunu\/\",\"name\":\"K\u0130\u015e\u0130SEL VER\u0130LER\u0130 KORUMA KANUNU - Ladies Beach Suit Otel\",\"isPartOf\":{\"@id\":\"https:\/\/ladiesbeachsuitotel.com\/tr\/#website\"},\"datePublished\":\"2024-07-27T12:40:55+00:00\",\"dateModified\":\"2024-07-27T12:41:05+00:00\",\"breadcrumb\":{\"@id\":\"https:\/\/ladiesbeachsuitotel.com\/tr\/kisisel-verileri-koruma-kanunu\/#breadcrumb\"},\"inLanguage\":\"es\",\"potentialAction\":[{\"@type\":\"ReadAction\",\"target\":[\"https:\/\/ladiesbeachsuitotel.com\/tr\/kisisel-verileri-koruma-kanunu\/\"]}]},{\"@type\":\"BreadcrumbList\",\"@id\":\"https:\/\/ladiesbeachsuitotel.com\/tr\/kisisel-verileri-koruma-kanunu\/#breadcrumb\",\"itemListElement\":[{\"@type\":\"ListItem\",\"position\":1,\"name\":\"Home\",\"item\":\"https:\/\/ladiesbeachsuitotel.com\/tr\/\"},{\"@type\":\"ListItem\",\"position\":2,\"name\":\"K\u0130\u015e\u0130SEL VER\u0130LER\u0130 KORUMA KANUNU\"}]},{\"@type\":\"WebSite\",\"@id\":\"https:\/\/ladiesbeachsuitotel.com\/tr\/#website\",\"url\":\"https:\/\/ladiesbeachsuitotel.com\/tr\/\",\"name\":\"Ladies Beach Suit Otel\",\"description\":\"Ladies Beach Suit Otel Ku\u015fadas\u0131\",\"publisher\":{\"@id\":\"https:\/\/ladiesbeachsuitotel.com\/tr\/#organization\"},\"potentialAction\":[{\"@type\":\"SearchAction\",\"target\":{\"@type\":\"EntryPoint\",\"urlTemplate\":\"https:\/\/ladiesbeachsuitotel.com\/tr\/?s={search_term_string}\"},\"query-input\":\"required name=search_term_string\"}],\"inLanguage\":\"es\"},{\"@type\":\"Organization\",\"@id\":\"https:\/\/ladiesbeachsuitotel.com\/tr\/#organization\",\"name\":\"Ladies Beach Suit Otel\",\"url\":\"https:\/\/ladiesbeachsuitotel.com\/tr\/\",\"logo\":{\"@type\":\"ImageObject\",\"inLanguage\":\"es\",\"@id\":\"https:\/\/ladiesbeachsuitotel.com\/tr\/#\/schema\/logo\/image\/\",\"url\":\"https:\/\/ladiesbeachsuitotel.com\/wp-content\/uploads\/2024\/07\/2.png\",\"contentUrl\":\"https:\/\/ladiesbeachsuitotel.com\/wp-content\/uploads\/2024\/07\/2.png\",\"width\":1080,\"height\":1080,\"caption\":\"Ladies Beach Suit Otel\"},\"image\":{\"@id\":\"https:\/\/ladiesbeachsuitotel.com\/tr\/#\/schema\/logo\/image\/\"},\"sameAs\":[\"https:\/\/www.instagram.com\/ladiesbeachsuitotels\/\"]}]}<\/script>\n<!-- \/ Yoast SEO Premium plugin. -->","yoast_head_json":{"title":"K\u0130\u015e\u0130SEL VER\u0130LER\u0130 KORUMA KANUNU - Ladies Beach Suit Otel","robots":{"index":"index","follow":"follow","max-snippet":"max-snippet:-1","max-image-preview":"max-image-preview:large","max-video-preview":"max-video-preview:-1"},"canonical":"https:\/\/ladiesbeachsuitotel.com\/es\/kisisel-verileri-koruma-kanunu\/","og_locale":"es_ES","og_type":"article","og_title":"K\u0130\u015e\u0130SEL VER\u0130LER\u0130 KORUMA KANUNU","og_url":"https:\/\/ladiesbeachsuitotel.com\/es\/kisisel-verileri-koruma-kanunu\/","og_site_name":"Ladies Beach Suit Otel","article_publisher":"https:\/\/www.instagram.com\/ladiesbeachsuitotels\/","article_modified_time":"2024-07-27T12:41:05+00:00","twitter_card":"summary_large_image","twitter_misc":{"Tiempo de lectura":"5 minutos"},"schema":{"@context":"https:\/\/schema.org","@graph":[{"@type":"WebPage","@id":"https:\/\/ladiesbeachsuitotel.com\/tr\/kisisel-verileri-koruma-kanunu\/","url":"https:\/\/ladiesbeachsuitotel.com\/tr\/kisisel-verileri-koruma-kanunu\/","name":"K\u0130\u015e\u0130SEL VER\u0130LER\u0130 KORUMA KANUNU - Ladies Beach Suit Otel","isPartOf":{"@id":"https:\/\/ladiesbeachsuitotel.com\/tr\/#website"},"datePublished":"2024-07-27T12:40:55+00:00","dateModified":"2024-07-27T12:41:05+00:00","breadcrumb":{"@id":"https:\/\/ladiesbeachsuitotel.com\/tr\/kisisel-verileri-koruma-kanunu\/#breadcrumb"},"inLanguage":"es","potentialAction":[{"@type":"ReadAction","target":["https:\/\/ladiesbeachsuitotel.com\/tr\/kisisel-verileri-koruma-kanunu\/"]}]},{"@type":"BreadcrumbList","@id":"https:\/\/ladiesbeachsuitotel.com\/tr\/kisisel-verileri-koruma-kanunu\/#breadcrumb","itemListElement":[{"@type":"ListItem","position":1,"name":"Home","item":"https:\/\/ladiesbeachsuitotel.com\/tr\/"},{"@type":"ListItem","position":2,"name":"K\u0130\u015e\u0130SEL VER\u0130LER\u0130 KORUMA KANUNU"}]},{"@type":"WebSite","@id":"https:\/\/ladiesbeachsuitotel.com\/tr\/#website","url":"https:\/\/ladiesbeachsuitotel.com\/tr\/","name":"Hotel Ladies Beach Suite","description":"Ladies Beach Suite Hotel Kusadasi","publisher":{"@id":"https:\/\/ladiesbeachsuitotel.com\/tr\/#organization"},"potentialAction":[{"@type":"SearchAction","target":{"@type":"EntryPoint","urlTemplate":"https:\/\/ladiesbeachsuitotel.com\/tr\/?s={search_term_string}"},"query-input":"required name=search_term_string"}],"inLanguage":"es"},{"@type":"Organization","@id":"https:\/\/ladiesbeachsuitotel.com\/tr\/#organization","name":"Hotel Ladies Beach Suite","url":"https:\/\/ladiesbeachsuitotel.com\/tr\/","logo":{"@type":"ImageObject","inLanguage":"es","@id":"https:\/\/ladiesbeachsuitotel.com\/tr\/#\/schema\/logo\/image\/","url":"https:\/\/ladiesbeachsuitotel.com\/wp-content\/uploads\/2024\/07\/2.png","contentUrl":"https:\/\/ladiesbeachsuitotel.com\/wp-content\/uploads\/2024\/07\/2.png","width":1080,"height":1080,"caption":"Ladies Beach Suit Otel"},"image":{"@id":"https:\/\/ladiesbeachsuitotel.com\/tr\/#\/schema\/logo\/image\/"},"sameAs":["https:\/\/www.instagram.com\/ladiesbeachsuitotels\/"]}]}},"_links":{"self":[{"href":"https:\/\/ladiesbeachsuitotel.com\/es\/wp-json\/wp\/v2\/pages\/491","targetHints":{"allow":["GET"]}}],"collection":[{"href":"https:\/\/ladiesbeachsuitotel.com\/es\/wp-json\/wp\/v2\/pages"}],"about":[{"href":"https:\/\/ladiesbeachsuitotel.com\/es\/wp-json\/wp\/v2\/types\/page"}],"author":[{"embeddable":true,"href":"https:\/\/ladiesbeachsuitotel.com\/es\/wp-json\/wp\/v2\/users\/1"}],"replies":[{"embeddable":true,"href":"https:\/\/ladiesbeachsuitotel.com\/es\/wp-json\/wp\/v2\/comments?post=491"}],"version-history":[{"count":0,"href":"https:\/\/ladiesbeachsuitotel.com\/es\/wp-json\/wp\/v2\/pages\/491\/revisions"}],"wp:attachment":[{"href":"https:\/\/ladiesbeachsuitotel.com\/es\/wp-json\/wp\/v2\/media?parent=491"}],"curies":[{"name":"gracias","href":"https:\/\/api.w.org\/{rel}","templated":true}]}}